{"id":434,"date":"2020-10-22T17:14:04","date_gmt":"2020-10-22T17:14:04","guid":{"rendered":"https:\/\/oryxrestaurante.com\/cookies\/"},"modified":"2020-10-22T17:56:58","modified_gmt":"2020-10-22T17:56:58","slug":"cookies","status":"publish","type":"page","link":"https:\/\/oryxrestaurante.com\/en\/cookies\/","title":{"rendered":"Pol\u00edtica de Cookies"},"content":{"rendered":"<h1>COOKIES<\/h1>\n<p>In compliance with Article 22 of Law 34\/2002, of July 11, services of information society and electronic commerce (LSSI), in relation to Regulation (EU) 2016\/679 of the European Parliament and Council of 27 April 2016, General Data Protection (RGPD) and Law 3\/2018, of December 5, Protection of Data and guarantee of digital rights (LOPDGDD), Oryx Restaurant offers users the Policy of collection and processing of cookies on the website.<\/p>\n<p><strong>What are Cookies<\/strong><br \/>\nA Cookie is a file that is downloaded to your computer when you access certain websites. Cookies allow a website to, among other things, store and retrieve information about your browsing habits and &#8211; depending on the information they contain and how you use your equipment &#8211; can be used to identify you.<\/p>\n<p><strong>Cookies used on the website<\/strong><br \/>\nThe following is a classification of the cookies used by the https:\/\/oryxrestaurante.com website:<br \/>\nAccording to the entity that manages them<\/p>\n<p><strong>Own cookies:<\/strong> These are sent and managed directly by Oryx Restaurant.<br \/>\nThird-party cookies: Cookies are sent to the user from a domain other than Oryx Restaurant.<br \/>\nAccording to their purpose<\/p>\n<p><strong>Technical Cookies:<\/strong> Are those that allow registered users to navigate through the website, the restricted area and to use its different functions, such as the comment system or the browser.<br \/>\nPersonalization cookies: These are cookies that allow users to access the Service with some general predefined characteristics according to a series of criteria established by the user, such as language or the type of browser used to connect to this website.<br \/>\nAnalysis or measurement cookies: These are those which, either processed by the website or by third parties, allow the number of users to be quantified and thus enable the measurement and statistical analysis of the use made by users of the website. For this purpose, the navigation you make on this website is analyzed in order to improve it.<br \/>\nSocial Cookies: These are set by social networking platforms to allow users to share content with their friends and networks.<br \/>\nAccording to their duration<\/p>\n<p><strong>Session Cookies<\/strong>: Are those designed to collect and store data while the user is accessing the website.<br \/>\nPersistent cookies: They are those in which the data is still stored in the user&#8217;s terminal and can be accessed and processed during a period defined by the person responsible for the cookie.<\/p>\n<p><strong>List of cookies used<\/strong><br \/>\nThis website may set the following cookies:<\/p>\n<p><strong>Technical Cookies<\/strong><\/p>\n<p>wp-settings-{user_id}: Technical cookie used to keep the user&#8217;s configuration in wp-admin. It is persistent and has a duration of 1 year.<br \/>\nhasConsent: Technical cookie that stores the user&#8217;s consent. It is persistent and has a duration of 1 year.<br \/>\nAnalysis or measurement cookies<\/p>\n<p>fbp: Cookie that measures the performance of Facebook advertising. It is persistent and has a duration of 1 day.<br \/>\nfr, sb: Cookies that measure the performance of Facebook advertising. They are persistent cookies.<br \/>\nPixel: Cookie that allows you to offer website visitors personalized advertising on your platform based on data related to http headers, the pixel (ID, Facebook cookie), and to record and communicate to Facebook the user&#8217;s actions on the website.<br \/>\nAnalytics Cookie that enables the unique visit control feature. It is persistent and lasts for 2 years.<br \/>\ngat: Analytics Cookie to limit the number of requests. Its scope is the session and has a duration of 1 minute.<br \/>\ngid: Analytical Cookie to distinguish users. Its scope is the session and has a duration of 24 hours.<br \/>\nAdditional information:<\/p>\n<p>You can find out more about Facebook&#8217;s use of cookies on the Facebook Cookie Policy page.<br \/>\nGoogle Analytics may set other cookies according to the document Use of Google Analytics Cookies on Websites.<br \/>\nSocial Cookies<\/p>\n<p>The website includes other features provided by third party services and social networks to enhance the visitor experience. You can share the content on your social networks such as &#8220;Facebook&#8221;, &#8220;Twitter&#8221;, &#8220;Instagram&#8221;, &#8220;Vimeo&#8221; or &#8220;YouTube&#8221; with the buttons provided for that purpose or with the sharing tools of the social networks themselves. As a result, these services may set cookies and use them to track your online activity. We have no direct control over the information collected by these cookies.<br \/>\nThe website may set other cookies:<\/p>\n<p><strong>Accepting or rejecting the installation of cookies<\/strong><br \/>\nOryx Restaurant displays information about its Cookie Policy in the Cookie banner accessible on all pages of the Website. The cookie banner displays essential information about data processing and allows the user to perform the following actions:<\/p>\n<p><strong>Accept the installation of cookies.<\/strong><br \/>\nReject the installation of cookies or withdraw the consent previously given.<br \/>\nObtain additional information about what cookies are, know the Cookie Policy and modify the settings to accept or reject cookies at any time.<br \/>\nDeleting Cookies<br \/>\nYou can accept, block or delete cookies installed on your computer by setting your browser options, but some of the site will not function properly or its quality may be affected.<\/p>\n<p><strong>The following links provide instructions on how to enable or disable cookies in the most common browsers.<\/strong><\/p>\n<p>Firefox https:\/\/support.mozilla.org\/es\/kb\/habilitar-y-deshabilitar-cookies-que-los-sitios-we<br \/>\nGoogle Chrome https:\/\/support.google.com\/chrome\/answer\/95647?hl=es<br \/>\nInternet Explorer https:\/\/support.microsoft.com\/es-es\/help\/17442\/windows-internet-explorer-delete-manage-cookies#ie= &#8220;ie-10&#8221;<br \/>\nMicrosoft Edge https:\/\/support.microsoft.com\/es-es\/help\/4468242\/microsoft-edge-browsing-data-and-privacy<br \/>\nSafari https:\/\/support.apple.com\/kb\/HT1677?viewlocale=es_ES<br \/>\nTreatment of Personal Data<br \/>\nOryx Restaurant is responsible for processing the user&#8217;s personal data.<\/p>\n<p><strong>Contact<\/strong><br \/>\nIf you have any questions about this Cookie Policy or want to make any comments about this website, you can send an email to Info@oryx.com.<\/p>\n","protected":false},"excerpt":{"rendered":"<p>COOKIES In compliance with Article 22 of Law 34\/2002, of July 11, services of information society and electronic commerce (LSSI), in relation to Regulation (EU) 2016\/679 of the European Parliament and Council of 27 April 2016, General Data Protection (RGPD) and Law 3\/2018, of December 5, Protection of Data and guarantee of digital rights (LOPDGDD),&#8230;<\/p>\n","protected":false},"author":1,"featured_media":0,"parent":0,"menu_order":0,"comment_status":"closed","ping_status":"closed","template":"","meta":{"footnotes":""},"class_list":["post-434","page","type-page","status-publish","hentry"],"yoast_head":"<!-- This site is optimized with the Yoast SEO plugin v26.9 - https:\/\/yoast.com\/product\/yoast-seo-wordpress\/ -->\n<title>Pol\u00edtica de Cookies | Nos dedicamos a enamorar tu paladar.<\/title>\n<meta name=\"description\" content=\"Pol\u00edtica de Cookies | En Oryx compartimos contigo lo mejor de la gastronom\u00eda de la regi\u00f3n.\" \/>\n<meta name=\"robots\" content=\"index, follow, max-snippet:-1, max-image-preview:large, max-video-preview:-1\" \/>\n<link rel=\"canonical\" href=\"https:\/\/oryxrestaurante.com\/cookies\/\" \/>\n<meta property=\"og:locale\" content=\"en_US\" \/>\n<meta property=\"og:type\" content=\"article\" \/>\n<meta property=\"og:title\" content=\"Pol\u00edtica de Cookies | Nos dedicamos a enamorar tu paladar.\" \/>\n<meta property=\"og:description\" content=\"Pol\u00edtica de Cookies | En Oryx compartimos contigo lo mejor de la gastronom\u00eda de la regi\u00f3n.\" \/>\n<meta property=\"og:url\" content=\"https:\/\/oryxrestaurante.com\/cookies\/\" \/>\n<meta property=\"og:site_name\" content=\"Oryx CaliBaja Cuisine\" \/>\n<meta property=\"article:publisher\" content=\"https:\/\/www.facebook.com\/oryxrestaurante\" \/>\n<meta property=\"article:modified_time\" content=\"2020-10-22T17:56:58+00:00\" \/>\n<meta property=\"og:image\" content=\"https:\/\/oryxrestaurante.com\/wp-content\/uploads\/media\/oryx-banner-min.jpg\" \/>\n\t<meta property=\"og:image:width\" content=\"1600\" \/>\n\t<meta property=\"og:image:height\" content=\"739\" \/>\n\t<meta property=\"og:image:type\" content=\"image\/jpeg\" \/>\n<meta name=\"twitter:label1\" content=\"Est. reading time\" \/>\n\t<meta name=\"twitter:data1\" content=\"5 minutes\" \/>\n<script type=\"application\/ld+json\" class=\"yoast-schema-graph\">{\"@context\":\"https:\/\/schema.org\",\"@graph\":[{\"@type\":\"WebPage\",\"@id\":\"https:\/\/oryxrestaurante.com\/cookies\/\",\"url\":\"https:\/\/oryxrestaurante.com\/cookies\/\",\"name\":\"Pol\u00edtica de Cookies | Nos dedicamos a enamorar tu paladar.\",\"isPartOf\":{\"@id\":\"https:\/\/oryxrestaurante.com\/#website\"},\"datePublished\":\"2020-10-22T17:14:04+00:00\",\"dateModified\":\"2020-10-22T17:56:58+00:00\",\"description\":\"Pol\u00edtica de Cookies | En Oryx compartimos contigo lo mejor de la gastronom\u00eda de la regi\u00f3n.\",\"breadcrumb\":{\"@id\":\"https:\/\/oryxrestaurante.com\/cookies\/#breadcrumb\"},\"inLanguage\":\"en-US\",\"potentialAction\":[{\"@type\":\"ReadAction\",\"target\":[\"https:\/\/oryxrestaurante.com\/cookies\/\"]}]},{\"@type\":\"BreadcrumbList\",\"@id\":\"https:\/\/oryxrestaurante.com\/cookies\/#breadcrumb\",\"itemListElement\":[{\"@type\":\"ListItem\",\"position\":1,\"name\":\"Inicio\",\"item\":\"https:\/\/oryxrestaurante.com\/en\/\"},{\"@type\":\"ListItem\",\"position\":2,\"name\":\"Pol\u00edtica de Cookies\"}]},{\"@type\":\"WebSite\",\"@id\":\"https:\/\/oryxrestaurante.com\/#website\",\"url\":\"https:\/\/oryxrestaurante.com\/\",\"name\":\"Oryx CaliBaja Cuisine\",\"description\":\"\",\"publisher\":{\"@id\":\"https:\/\/oryxrestaurante.com\/#organization\"},\"potentialAction\":[{\"@type\":\"SearchAction\",\"target\":{\"@type\":\"EntryPoint\",\"urlTemplate\":\"https:\/\/oryxrestaurante.com\/?s={search_term_string}\"},\"query-input\":{\"@type\":\"PropertyValueSpecification\",\"valueRequired\":true,\"valueName\":\"search_term_string\"}}],\"inLanguage\":\"en-US\"},{\"@type\":\"Organization\",\"@id\":\"https:\/\/oryxrestaurante.com\/#organization\",\"name\":\"Oryx Restaurante\",\"url\":\"https:\/\/oryxrestaurante.com\/\",\"logo\":{\"@type\":\"ImageObject\",\"inLanguage\":\"en-US\",\"@id\":\"https:\/\/oryxrestaurante.com\/#\/schema\/logo\/image\/\",\"url\":\"https:\/\/oryxrestaurante.com\/wp-content\/uploads\/media\/favicon-min.png\",\"contentUrl\":\"https:\/\/oryxrestaurante.com\/wp-content\/uploads\/media\/favicon-min.png\",\"width\":346,\"height\":345,\"caption\":\"Oryx Restaurante\"},\"image\":{\"@id\":\"https:\/\/oryxrestaurante.com\/#\/schema\/logo\/image\/\"},\"sameAs\":[\"https:\/\/www.facebook.com\/oryxrestaurante\",\"https:\/\/www.instagram.com\/oryxrestaurante\/\"]}]}<\/script>\n<!-- \/ Yoast SEO plugin. -->","yoast_head_json":{"title":"Pol\u00edtica de Cookies | Nos dedicamos a enamorar tu paladar.","description":"Pol\u00edtica de Cookies | En Oryx compartimos contigo lo mejor de la gastronom\u00eda de la regi\u00f3n.","robots":{"index":"index","follow":"follow","max-snippet":"max-snippet:-1","max-image-preview":"max-image-preview:large","max-video-preview":"max-video-preview:-1"},"canonical":"https:\/\/oryxrestaurante.com\/cookies\/","og_locale":"en_US","og_type":"article","og_title":"Pol\u00edtica de Cookies | Nos dedicamos a enamorar tu paladar.","og_description":"Pol\u00edtica de Cookies | En Oryx compartimos contigo lo mejor de la gastronom\u00eda de la regi\u00f3n.","og_url":"https:\/\/oryxrestaurante.com\/cookies\/","og_site_name":"Oryx CaliBaja Cuisine","article_publisher":"https:\/\/www.facebook.com\/oryxrestaurante","article_modified_time":"2020-10-22T17:56:58+00:00","og_image":[{"width":1600,"height":739,"url":"https:\/\/oryxrestaurante.com\/wp-content\/uploads\/media\/oryx-banner-min.jpg","type":"image\/jpeg"}],"twitter_misc":{"Est. reading time":"5 minutes"},"schema":{"@context":"https:\/\/schema.org","@graph":[{"@type":"WebPage","@id":"https:\/\/oryxrestaurante.com\/cookies\/","url":"https:\/\/oryxrestaurante.com\/cookies\/","name":"Pol\u00edtica de Cookies | Nos dedicamos a enamorar tu paladar.","isPartOf":{"@id":"https:\/\/oryxrestaurante.com\/#website"},"datePublished":"2020-10-22T17:14:04+00:00","dateModified":"2020-10-22T17:56:58+00:00","description":"Pol\u00edtica de Cookies | En Oryx compartimos contigo lo mejor de la gastronom\u00eda de la regi\u00f3n.","breadcrumb":{"@id":"https:\/\/oryxrestaurante.com\/cookies\/#breadcrumb"},"inLanguage":"en-US","potentialAction":[{"@type":"ReadAction","target":["https:\/\/oryxrestaurante.com\/cookies\/"]}]},{"@type":"BreadcrumbList","@id":"https:\/\/oryxrestaurante.com\/cookies\/#breadcrumb","itemListElement":[{"@type":"ListItem","position":1,"name":"Inicio","item":"https:\/\/oryxrestaurante.com\/en\/"},{"@type":"ListItem","position":2,"name":"Pol\u00edtica de Cookies"}]},{"@type":"WebSite","@id":"https:\/\/oryxrestaurante.com\/#website","url":"https:\/\/oryxrestaurante.com\/","name":"Oryx CaliBaja Cuisine","description":"","publisher":{"@id":"https:\/\/oryxrestaurante.com\/#organization"},"potentialAction":[{"@type":"SearchAction","target":{"@type":"EntryPoint","urlTemplate":"https:\/\/oryxrestaurante.com\/?s={search_term_string}"},"query-input":{"@type":"PropertyValueSpecification","valueRequired":true,"valueName":"search_term_string"}}],"inLanguage":"en-US"},{"@type":"Organization","@id":"https:\/\/oryxrestaurante.com\/#organization","name":"Oryx Restaurante","url":"https:\/\/oryxrestaurante.com\/","logo":{"@type":"ImageObject","inLanguage":"en-US","@id":"https:\/\/oryxrestaurante.com\/#\/schema\/logo\/image\/","url":"https:\/\/oryxrestaurante.com\/wp-content\/uploads\/media\/favicon-min.png","contentUrl":"https:\/\/oryxrestaurante.com\/wp-content\/uploads\/media\/favicon-min.png","width":346,"height":345,"caption":"Oryx Restaurante"},"image":{"@id":"https:\/\/oryxrestaurante.com\/#\/schema\/logo\/image\/"},"sameAs":["https:\/\/www.facebook.com\/oryxrestaurante","https:\/\/www.instagram.com\/oryxrestaurante\/"]}]}},"_links":{"self":[{"href":"https:\/\/oryxrestaurante.com\/en\/wp-json\/wp\/v2\/pages\/434","targetHints":{"allow":["GET"]}}],"collection":[{"href":"https:\/\/oryxrestaurante.com\/en\/wp-json\/wp\/v2\/pages"}],"about":[{"href":"https:\/\/oryxrestaurante.com\/en\/wp-json\/wp\/v2\/types\/page"}],"author":[{"embeddable":true,"href":"https:\/\/oryxrestaurante.com\/en\/wp-json\/wp\/v2\/users\/1"}],"replies":[{"embeddable":true,"href":"https:\/\/oryxrestaurante.com\/en\/wp-json\/wp\/v2\/comments?post=434"}],"version-history":[{"count":0,"href":"https:\/\/oryxrestaurante.com\/en\/wp-json\/wp\/v2\/pages\/434\/revisions"}],"wp:attachment":[{"href":"https:\/\/oryxrestaurante.com\/en\/wp-json\/wp\/v2\/media?parent=434"}],"curies":[{"name":"wp","href":"https:\/\/api.w.org\/{rel}","templated":true}]}}