{"id":2,"date":"2020-08-31T19:01:51","date_gmt":"2020-08-31T19:01:51","guid":{"rendered":"https:\/\/oryxrestaurante.com\/?page_id=2"},"modified":"2026-03-30T22:53:27","modified_gmt":"2026-03-30T22:53:27","slug":"home","status":"publish","type":"page","link":"https:\/\/oryxrestaurante.com\/es\/","title":{"rendered":"Oryx Restaurante"},"content":{"rendered":"<div class=\"wpb-content-wrapper\"><section class=\"l-section wpb_row us_custom_647f08e6 height_full valign_center width_full color_primary home with_img parallax_fixed with_overlay\" id=\"home\"><div class=\"l-section-img\" style=\"background-image: url(https:\/\/oryxrestaurante.com\/wp-content\/uploads\/media\/DSC06218-scaled.jpg);background-repeat: no-repeat;\" data-img-width=\"1920\" data-img-height=\"2560\"><\/div><div class=\"l-section-overlay\" style=\"background: rgba(0,0,0,0.60)\"><\/div><div class=\"l-section-h i-cf\"><div class=\"g-cols vc_row type_default valign_middle\"><div class=\"vc_col-sm-12 wpb_column vc_column_container align_center_xs\"><div class=\"vc_column-inner\"><div class=\"wpb_wrapper\"><div class=\"w-image align_center animate_afb\"><div class=\"w-image-h\"><img loading=\"lazy\" decoding=\"async\" width=\"300\" height=\"103\" src=\"https:\/\/oryxrestaurante.com\/wp-content\/uploads\/media\/ORYX_WebAssetsoryxlogo_w-300x103.png\" class=\"attachment-medium size-medium\" alt=\"\" srcset=\"https:\/\/oryxrestaurante.com\/wp-content\/uploads\/media\/ORYX_WebAssetsoryxlogo_w-300x103.png 300w, https:\/\/oryxrestaurante.com\/wp-content\/uploads\/media\/ORYX_WebAssetsoryxlogo_w-150x51.png 150w, https:\/\/oryxrestaurante.com\/wp-content\/uploads\/media\/ORYX_WebAssetsoryxlogo_w.png 558w\" sizes=\"auto, (max-width: 300px) 100vw, 300px\" \/><\/div><\/div><\/div><\/div><\/div><\/div><\/div><\/section><section class=\"l-section wpb_row height_auto width_full\" id=\"menu\"><div class=\"l-section-h i-cf\"><div class=\"g-cols vc_row type_boxes valign_top\"><div class=\"vc_col-sm-6 wpb_column vc_column_container orx-txt-side\"><div class=\"vc_column-inner us_custom_222749b4\"><div class=\"wpb_wrapper\">[vc_custom_heading text=&#8221;MEN\u00da&#8221; use_theme_fonts=&#8221;yes&#8221; css=&#8221;%7B%22default%22%3A%7B%22color%22%3A%22%23000000%22%7D%7D&#8221; el_class=&#8221;orx-title&#8221;]<div class=\"w-separator size_medium\"><\/div><div class=\"wpb_text_column orx-text\" ><div class=\"wpb_wrapper\"><p>En ORYX inspiramos nuestra cocina en los sabores de la pen\u00ednsula. Con nuestro concepto \u201cCaliBaja\u201d, buscamos crear una experiencia completamente \u00fanica para tus sentidos, haciendo que tu visita sea memorable y placentera.<\/p>\n<p>La selecci\u00f3n de platillos dise\u00f1ada por el Chef Ruffo Ibarra incluye cocina de la m\u00e1s alta calidad, resultante de una experimentaci\u00f3n gastron\u00f3mica que fusiona lo mejor de la frontera y llega directo a tu mesa.<\/p>\n<p>\u00a1V\u00edvelo t\u00fa mismo y visita ORYX Restaurante!<\/p>\n<\/div><\/div><div class=\"w-separator size_medium\"><\/div><div class=\"w-btn-wrapper width_auto align_left\"><a class=\"w-btn us-btn-style_2\" target=\"_blank\" href=\"\/es\/food\/\" rel=\"noopener\"><span class=\"w-btn-label\">Ver el Men\u00fa<\/span><\/a><\/div><\/div><\/div><\/div><div class=\"vc_col-sm-6 wpb_column vc_column_container has-fill orx-img-side\"><div class=\"vc_column-inner us_custom_89d03334 type_sticky\"><div class=\"wpb_wrapper\"><div class=\"w-separator size_medium orx-img\"><\/div><\/div><\/div><\/div><\/div><\/div><\/section><section class=\"l-section wpb_row height_auto width_full\" id=\"our-cellar\"><div class=\"l-section-h i-cf\"><div class=\"g-cols vc_row type_boxes valign_top reversed\"><div class=\"vc_col-sm-6 wpb_column vc_column_container has-fill orx-img-side\"><div class=\"vc_column-inner us_custom_6b1b77c6 type_sticky\"><div class=\"wpb_wrapper\"><div class=\"w-separator size_medium orx-img\"><\/div><\/div><\/div><\/div><div class=\"vc_col-sm-6 wpb_column vc_column_container orx-txt-side\"><div class=\"vc_column-inner us_custom_222749b4\"><div class=\"wpb_wrapper\">[vc_custom_heading text=&#8221;NUESTRA CAVA&#8221; use_theme_fonts=&#8221;yes&#8221; css=&#8221;%7B%22default%22%3A%7B%22color%22%3A%22%231a1a1a%22%7D%7D&#8221; el_class=&#8221;orx-title&#8221;]<div class=\"w-separator size_medium\"><\/div><div class=\"wpb_text_column orx-text\" ><div class=\"wpb_wrapper\"><p>Nuestro restaurante cuenta con su propia bodega, para que puedas acompa\u00f1ar tus platillos con el vino de la casa, elaborado especialmente para realzar tu experiencia ORYX.<\/p>\n<\/div><\/div><div class=\"w-separator size_medium\"><\/div><div class=\"w-btn-wrapper width_auto align_left\"><a class=\"w-btn us-btn-style_2\" target=\"_blank\" href=\"\/es\/drinks\/#vino_copa_tinto\" rel=\"noopener\"><span class=\"w-btn-label\">Ver los Vinos<\/span><\/a><\/div><\/div><\/div><\/div><\/div><\/div><\/section><section class=\"l-section wpb_row height_auto width_full\" id=\"events\"><div class=\"l-section-h i-cf\"><div class=\"g-cols vc_row type_boxes valign_top\"><div class=\"vc_col-sm-6 wpb_column vc_column_container orx-txt-side\"><div class=\"vc_column-inner us_custom_222749b4\"><div class=\"wpb_wrapper\">[vc_custom_heading text=&#8221;EVENTOS&#8221; use_theme_fonts=&#8221;yes&#8221; css=&#8221;%7B%22default%22%3A%7B%22color%22%3A%22%231a1a1a%22%7D%7D&#8221; el_class=&#8221;orx-title&#8221;]<div class=\"w-separator size_medium\"><\/div><div class=\"wpb_text_column orx-text\" ><div class=\"wpb_wrapper\"><p><span style=\"font-weight: 400;\">Si buscas envolverte en la experiencia ORYX y conocer m\u00e1s sobre nuestra cocina, \u00a1Nuestros eventos in\u00e9ditos son para ti!<\/span><\/p>\n<p><span style=\"font-weight: 400;\">Degusta nuevos platillos y descubre el arte detr\u00e1s de cada bocado, siendo ORYX el punto de encuentro ideal para tus reuniones.<\/span><\/p>\n<\/div><\/div><div class=\"w-separator size_medium\"><\/div><div class=\"w-btn-wrapper width_auto align_left\"><a class=\"w-btn us-btn-style_2\" target=\"_blank\" href=\"\/es\/events\/\" rel=\"noopener\"><span class=\"w-btn-label\">Ver Eventos<\/span><\/a><\/div><\/div><\/div><\/div><div class=\"vc_col-sm-6 wpb_column vc_column_container has-fill orx-img-side\"><div class=\"vc_column-inner us_custom_58fd854f type_sticky\"><div class=\"wpb_wrapper\"><div class=\"w-separator size_medium orx-img\"><\/div><\/div><\/div><\/div><\/div><\/div><\/section><section class=\"l-section wpb_row us_custom_b992cee1 height_large width_full home\" id=\"testimonials\"><div class=\"l-section-h i-cf\"><div class=\"g-cols vc_row type_default valign_top\"><div class=\"vc_col-sm-2 wpb_column vc_column_container\"><div class=\"vc_column-inner\"><div class=\"wpb_wrapper\"><\/div><\/div><\/div><div class=\"vc_col-sm-8 wpb_column vc_column_container\"><div class=\"vc_column-inner\"><div class=\"wpb_wrapper\">[vc_custom_heading text=&#8221;TESTIMONIALES&#8221; font_container=&#8221;tag:h2|text_align:center&#8221; use_theme_fonts=&#8221;yes&#8221; css=&#8221;%7B%22default%22%3A%7B%22color%22%3A%22%231a1a1a%22%7D%7D&#8221; el_class=&#8221;orx-title&#8221;]<div class=\"w-image align_center\"><div class=\"w-image-h\"><img loading=\"lazy\" decoding=\"async\" width=\"360\" height=\"40\" src=\"https:\/\/oryxrestaurante.com\/wp-content\/uploads\/media\/testimonials-stars.png\" class=\"attachment-large size-large\" alt=\"\" srcset=\"https:\/\/oryxrestaurante.com\/wp-content\/uploads\/media\/testimonials-stars.png 360w, https:\/\/oryxrestaurante.com\/wp-content\/uploads\/media\/testimonials-stars-300x33.png 300w, https:\/\/oryxrestaurante.com\/wp-content\/uploads\/media\/testimonials-stars-150x17.png 150w\" sizes=\"auto, (max-width: 360px) 100vw, 360px\" \/><\/div><\/div><div class=\"w-separator size_medium\"><\/div><div class=\"w-grid type_carousel layout_46 valign_center\" id=\"us_grid_1\"><style>.layout_46 .w-grid-item-h{}.layout_46 .usg_post_image_1{width:7.68rem!important}.layout_46 .usg_post_custom_field_1{font-weight:700!important;line-height:1.5!important;margin-bottom:0!important}<\/style><div class=\"w-grid-list owl-carousel navstyle_circle navpos_outside with_dots autoheight\" >\t<article class=\"w-grid-item post-460 us_testimonial type-us_testimonial status-publish hentry\" data-id=\"460\">\r\n\t\t<div class=\"w-grid-item-h\">\r\n\t\t\t\t\t\t<div class=\"w-vwrapper usg_vwrapper_2 align_center valign_top\"><div class=\"w-post-elm post_content usg_post_content_1\"><p>\u00a1Excelentes tragos, deliciosa comida y un ambiente muy padre! Poniendo en alto a Baja California con innovaci\u00f3n en platillos y servicios de calidad.<\/p>\n<\/div><div class=\"w-post-elm post_custom_field usg_post_custom_field_1 type_text\"><p>Patricia Hernandez Villalba<\/p>\n<\/div><\/div>\t\t<\/div>\r\n\t<\/article>\r\n\t<article class=\"w-grid-item post-459 us_testimonial type-us_testimonial status-publish hentry\" data-id=\"459\">\r\n\t\t<div class=\"w-grid-item-h\">\r\n\t\t\t\t\t\t<div class=\"w-vwrapper usg_vwrapper_2 align_center valign_top\"><div class=\"w-post-elm post_content usg_post_content_1\"><p>Definitivamente el Chef y su equipo saben lo que hacen y la pasi\u00f3n se puede sentir en este lugar, as\u00ed como disfrutar y saborearse en cada bocado de cualquier platillo que prueben.<br \/>\nMis favoritos son Mac &#038; Cheese con pulpo (compartiendo se disfruta mejor), torta de pulpo enchilado y les dejar\u00e9 con la duda el 3ero&#8230;<br \/>\nTijuana est\u00e1 en 1eros lugares en gastronom\u00eda gracias a este tipo de restaurantes, su servicio y excelencia en la cocina de la regi\u00f3n.<\/p>\n<\/div><div class=\"w-post-elm post_custom_field usg_post_custom_field_1 type_text\"><p>Ismael Garcia<\/p>\n<\/div><\/div>\t\t<\/div>\r\n\t<\/article>\r\n\t<article class=\"w-grid-item post-458 us_testimonial type-us_testimonial status-publish hentry\" data-id=\"458\">\r\n\t\t<div class=\"w-grid-item-h\">\r\n\t\t\t\t\t\t<div class=\"w-vwrapper usg_vwrapper_2 align_center valign_top\"><div class=\"w-post-elm post_content usg_post_content_1\"><p>Muy buen restaurante, platillos muy bien ejecutados. La decoraci\u00f3n es simple pero moderna. Tienen buena variedad de platillos, los precios son razonables. Lo \u00faltimo que com\u00ed fue la costilla braseada y la porci\u00f3n es grande y ten\u00eda buen sabor. Los c\u00f3cteles son muy buenos tambi\u00e9n.<\/p>\n<\/div><div class=\"w-post-elm post_custom_field usg_post_custom_field_1 type_text\"><p>Monica Sanchez<\/p>\n<\/div><\/div>\t\t<\/div>\r\n\t<\/article>\r\n<\/div><div class=\"g-preloader type_1\">\r\n\t<div><\/div>\r\n<\/div>\r\n\t<div class=\"w-grid-json hidden\" onclick='return {&quot;action&quot;:&quot;us_ajax_grid&quot;,&quot;ajax_url&quot;:&quot;https:\\\/\\\/oryxrestaurante.com\\\/wp-admin\\\/admin-ajax.php&quot;,&quot;infinite_scroll&quot;:0,&quot;max_num_pages&quot;:2,&quot;pagination&quot;:&quot;none&quot;,&quot;permalink_url&quot;:&quot;https:\\\/\\\/oryxrestaurante.com\\\/es\\\/wp-json\\\/wp\\\/v2\\\/pages\\\/2\\\/&quot;,&quot;template_vars&quot;:{&quot;columns&quot;:&quot;1&quot;,&quot;exclude_items&quot;:&quot;none&quot;,&quot;img_size&quot;:&quot;default&quot;,&quot;ignore_items_size&quot;:false,&quot;items_layout&quot;:&quot;46&quot;,&quot;items_offset&quot;:&quot;1&quot;,&quot;load_animation&quot;:&quot;none&quot;,&quot;overriding_link&quot;:&quot;none&quot;,&quot;post_id&quot;:2,&quot;query_args&quot;:{&quot;post_type&quot;:[&quot;us_testimonial&quot;],&quot;post_status&quot;:[&quot;publish&quot;],&quot;posts_per_page&quot;:&quot;3&quot;},&quot;orderby_query_args&quot;:{&quot;orderby&quot;:{&quot;date&quot;:&quot;DESC&quot;}},&quot;type&quot;:&quot;carousel&quot;,&quot;us_grid_ajax_index&quot;:1,&quot;us_grid_filter_params&quot;:null,&quot;us_grid_index&quot;:1,&quot;_us_grid_post_type&quot;:&quot;us_testimonial&quot;},&quot;carousel_settings&quot;:{&quot;autoHeight&quot;:1,&quot;autoplay&quot;:1,&quot;carousel_fade&quot;:0,&quot;center&quot;:0,&quot;dots&quot;:1,&quot;items&quot;:&quot;1&quot;,&quot;loop&quot;:true,&quot;nav&quot;:0,&quot;slideby&quot;:&quot;1&quot;,&quot;smooth_play&quot;:0,&quot;speed&quot;:300,&quot;timeout&quot;:5000,&quot;transition&quot;:&quot;&quot;},&quot;carousel_breakpoints&quot;:{&quot;1200&quot;:{&quot;items&quot;:1},&quot;900&quot;:{&quot;autoHeight&quot;:1,&quot;autoplay&quot;:1,&quot;autoplayHoverPause&quot;:1,&quot;items&quot;:&quot;1&quot;,&quot;loop&quot;:true},&quot;600&quot;:{&quot;autoHeight&quot;:1,&quot;autoplay&quot;:1,&quot;autoplayHoverPause&quot;:1,&quot;items&quot;:&quot;1&quot;,&quot;loop&quot;:true},&quot;0&quot;:{&quot;autoHeight&quot;:1,&quot;autoplay&quot;:1,&quot;autoplayHoverPause&quot;:1,&quot;items&quot;:1,&quot;loop&quot;:true}}}'><\/div>\r\n\t<\/div><\/div><\/div><\/div><div class=\"vc_col-sm-2 wpb_column vc_column_container\"><div class=\"vc_column-inner\"><div class=\"wpb_wrapper\"><\/div><\/div><\/div><\/div><\/div><\/section><section class=\"l-section wpb_row height_medium\"><div class=\"l-section-h i-cf\"><div class=\"g-cols vc_row type_default valign_top\"><div class=\"vc_col-sm-12 wpb_column vc_column_container\"><div class=\"vc_column-inner\"><div class=\"wpb_wrapper\"><\/div><\/div><\/div><\/div><\/div><\/section>\n<\/div>","protected":false},"excerpt":{"rendered":"Muy buen restaurante, platillos muy bien ejecutados. La decoraci\u00f3n es simple pero moderna. Tienen buena variedad de platillos, los precios son razonables. Lo \u00faltimo que com\u00ed fue la costilla braseada y la porci\u00f3n es grande y ten\u00eda buen sabor. Los c\u00f3cteles son muy buenos tambi\u00e9n.","protected":false},"author":1,"featured_media":0,"parent":0,"menu_order":0,"comment_status":"closed","ping_status":"closed","template":"","meta":{"footnotes":""},"class_list":["post-2","page","type-page","status-publish","hentry"],"yoast_head":"<!-- This site is optimized with the Yoast SEO plugin v26.9 - https:\/\/yoast.com\/product\/yoast-seo-wordpress\/ -->\n<title>Oryx Restaurante | nos dedicamos a enamorar tu paladar en cada platillo.<\/title>\n<meta name=\"description\" content=\"Convencidos de que lo mejor de la cocina se tiene que probar y compartir, en Oryx compartimos lo mejor de la gastronom\u00eda de la regi\u00f3n.\" \/>\n<meta name=\"robots\" content=\"index, follow, max-snippet:-1, max-image-preview:large, max-video-preview:-1\" \/>\n<link rel=\"canonical\" href=\"https:\/\/oryxrestaurante.com\/es\/\" \/>\n<meta property=\"og:locale\" content=\"es_MX\" \/>\n<meta property=\"og:type\" content=\"article\" \/>\n<meta property=\"og:title\" content=\"Oryx Restaurante | nos dedicamos a enamorar tu paladar en cada platillo.\" \/>\n<meta property=\"og:description\" content=\"Convencidos de que lo mejor de la cocina se tiene que probar y compartir, en Oryx compartimos lo mejor de la gastronom\u00eda de la regi\u00f3n.\" \/>\n<meta property=\"og:url\" content=\"https:\/\/oryxrestaurante.com\/es\/\" \/>\n<meta property=\"og:site_name\" content=\"Oryx CaliBaja Cuisine\" \/>\n<meta property=\"article:publisher\" content=\"https:\/\/www.facebook.com\/oryxrestaurante\" \/>\n<meta property=\"article:modified_time\" content=\"2026-03-30T22:53:27+00:00\" \/>\n<meta property=\"og:image\" content=\"https:\/\/oryxrestaurante.com\/wp-content\/uploads\/media\/oryx-banner-min.jpg\" \/>\n\t<meta property=\"og:image:width\" content=\"1600\" \/>\n\t<meta property=\"og:image:height\" content=\"739\" \/>\n\t<meta property=\"og:image:type\" content=\"image\/jpeg\" \/>\n<meta name=\"twitter:label1\" content=\"Tiempo de lectura\" \/>\n\t<meta name=\"twitter:data1\" content=\"2 minutos\" \/>\n<script type=\"application\/ld+json\" class=\"yoast-schema-graph\">{\"@context\":\"https:\/\/schema.org\",\"@graph\":[{\"@type\":\"WebPage\",\"@id\":\"https:\/\/oryxrestaurante.com\/es\/\",\"url\":\"https:\/\/oryxrestaurante.com\/es\/\",\"name\":\"Oryx Restaurante | nos dedicamos a enamorar tu paladar en cada platillo.\",\"isPartOf\":{\"@id\":\"https:\/\/oryxrestaurante.com\/#website\"},\"datePublished\":\"2020-08-31T19:01:51+00:00\",\"dateModified\":\"2026-03-30T22:53:27+00:00\",\"description\":\"Convencidos de que lo mejor de la cocina se tiene que probar y compartir, en Oryx compartimos lo mejor de la gastronom\u00eda de la regi\u00f3n.\",\"breadcrumb\":{\"@id\":\"https:\/\/oryxrestaurante.com\/es\/#breadcrumb\"},\"inLanguage\":\"es\",\"potentialAction\":[{\"@type\":\"ReadAction\",\"target\":[\"https:\/\/oryxrestaurante.com\/es\/\"]}]},{\"@type\":\"BreadcrumbList\",\"@id\":\"https:\/\/oryxrestaurante.com\/es\/#breadcrumb\",\"itemListElement\":[{\"@type\":\"ListItem\",\"position\":1,\"name\":\"Inicio\",\"item\":\"https:\/\/oryxrestaurante.com\/es\/\"},{\"@type\":\"ListItem\",\"position\":2,\"name\":\"Oryx Restaurante\"}]},{\"@type\":\"WebSite\",\"@id\":\"https:\/\/oryxrestaurante.com\/#website\",\"url\":\"https:\/\/oryxrestaurante.com\/\",\"name\":\"Oryx CaliBaja Cuisine\",\"description\":\"\",\"publisher\":{\"@id\":\"https:\/\/oryxrestaurante.com\/#organization\"},\"potentialAction\":[{\"@type\":\"SearchAction\",\"target\":{\"@type\":\"EntryPoint\",\"urlTemplate\":\"https:\/\/oryxrestaurante.com\/?s={search_term_string}\"},\"query-input\":{\"@type\":\"PropertyValueSpecification\",\"valueRequired\":true,\"valueName\":\"search_term_string\"}}],\"inLanguage\":\"es\"},{\"@type\":\"Organization\",\"@id\":\"https:\/\/oryxrestaurante.com\/#organization\",\"name\":\"Oryx Restaurante\",\"url\":\"https:\/\/oryxrestaurante.com\/\",\"logo\":{\"@type\":\"ImageObject\",\"inLanguage\":\"es\",\"@id\":\"https:\/\/oryxrestaurante.com\/#\/schema\/logo\/image\/\",\"url\":\"https:\/\/oryxrestaurante.com\/wp-content\/uploads\/media\/favicon-min.png\",\"contentUrl\":\"https:\/\/oryxrestaurante.com\/wp-content\/uploads\/media\/favicon-min.png\",\"width\":346,\"height\":345,\"caption\":\"Oryx Restaurante\"},\"image\":{\"@id\":\"https:\/\/oryxrestaurante.com\/#\/schema\/logo\/image\/\"},\"sameAs\":[\"https:\/\/www.facebook.com\/oryxrestaurante\",\"https:\/\/www.instagram.com\/oryxrestaurante\/\"]}]}<\/script>\n<!-- \/ Yoast SEO plugin. -->","yoast_head_json":{"title":"Oryx Restaurante | nos dedicamos a enamorar tu paladar en cada platillo.","description":"Convencidos de que lo mejor de la cocina se tiene que probar y compartir, en Oryx compartimos lo mejor de la gastronom\u00eda de la regi\u00f3n.","robots":{"index":"index","follow":"follow","max-snippet":"max-snippet:-1","max-image-preview":"max-image-preview:large","max-video-preview":"max-video-preview:-1"},"canonical":"https:\/\/oryxrestaurante.com\/es\/","og_locale":"es_MX","og_type":"article","og_title":"Oryx Restaurante | nos dedicamos a enamorar tu paladar en cada platillo.","og_description":"Convencidos de que lo mejor de la cocina se tiene que probar y compartir, en Oryx compartimos lo mejor de la gastronom\u00eda de la regi\u00f3n.","og_url":"https:\/\/oryxrestaurante.com\/es\/","og_site_name":"Oryx CaliBaja Cuisine","article_publisher":"https:\/\/www.facebook.com\/oryxrestaurante","article_modified_time":"2026-03-30T22:53:27+00:00","og_image":[{"width":1600,"height":739,"url":"https:\/\/oryxrestaurante.com\/wp-content\/uploads\/media\/oryx-banner-min.jpg","type":"image\/jpeg"}],"twitter_misc":{"Tiempo de lectura":"2 minutos"},"schema":{"@context":"https:\/\/schema.org","@graph":[{"@type":"WebPage","@id":"https:\/\/oryxrestaurante.com\/es\/","url":"https:\/\/oryxrestaurante.com\/es\/","name":"Oryx Restaurante | nos dedicamos a enamorar tu paladar en cada platillo.","isPartOf":{"@id":"https:\/\/oryxrestaurante.com\/#website"},"datePublished":"2020-08-31T19:01:51+00:00","dateModified":"2026-03-30T22:53:27+00:00","description":"Convencidos de que lo mejor de la cocina se tiene que probar y compartir, en Oryx compartimos lo mejor de la gastronom\u00eda de la regi\u00f3n.","breadcrumb":{"@id":"https:\/\/oryxrestaurante.com\/es\/#breadcrumb"},"inLanguage":"es","potentialAction":[{"@type":"ReadAction","target":["https:\/\/oryxrestaurante.com\/es\/"]}]},{"@type":"BreadcrumbList","@id":"https:\/\/oryxrestaurante.com\/es\/#breadcrumb","itemListElement":[{"@type":"ListItem","position":1,"name":"Inicio","item":"https:\/\/oryxrestaurante.com\/es\/"},{"@type":"ListItem","position":2,"name":"Oryx Restaurante"}]},{"@type":"WebSite","@id":"https:\/\/oryxrestaurante.com\/#website","url":"https:\/\/oryxrestaurante.com\/","name":"Oryx CaliBaja Cuisine","description":"","publisher":{"@id":"https:\/\/oryxrestaurante.com\/#organization"},"potentialAction":[{"@type":"SearchAction","target":{"@type":"EntryPoint","urlTemplate":"https:\/\/oryxrestaurante.com\/?s={search_term_string}"},"query-input":{"@type":"PropertyValueSpecification","valueRequired":true,"valueName":"search_term_string"}}],"inLanguage":"es"},{"@type":"Organization","@id":"https:\/\/oryxrestaurante.com\/#organization","name":"Oryx Restaurante","url":"https:\/\/oryxrestaurante.com\/","logo":{"@type":"ImageObject","inLanguage":"es","@id":"https:\/\/oryxrestaurante.com\/#\/schema\/logo\/image\/","url":"https:\/\/oryxrestaurante.com\/wp-content\/uploads\/media\/favicon-min.png","contentUrl":"https:\/\/oryxrestaurante.com\/wp-content\/uploads\/media\/favicon-min.png","width":346,"height":345,"caption":"Oryx Restaurante"},"image":{"@id":"https:\/\/oryxrestaurante.com\/#\/schema\/logo\/image\/"},"sameAs":["https:\/\/www.facebook.com\/oryxrestaurante","https:\/\/www.instagram.com\/oryxrestaurante\/"]}]}},"_links":{"self":[{"href":"https:\/\/oryxrestaurante.com\/es\/wp-json\/wp\/v2\/pages\/2","targetHints":{"allow":["GET"]}}],"collection":[{"href":"https:\/\/oryxrestaurante.com\/es\/wp-json\/wp\/v2\/pages"}],"about":[{"href":"https:\/\/oryxrestaurante.com\/es\/wp-json\/wp\/v2\/types\/page"}],"author":[{"embeddable":true,"href":"https:\/\/oryxrestaurante.com\/es\/wp-json\/wp\/v2\/users\/1"}],"replies":[{"embeddable":true,"href":"https:\/\/oryxrestaurante.com\/es\/wp-json\/wp\/v2\/comments?post=2"}],"version-history":[{"count":0,"href":"https:\/\/oryxrestaurante.com\/es\/wp-json\/wp\/v2\/pages\/2\/revisions"}],"wp:attachment":[{"href":"https:\/\/oryxrestaurante.com\/es\/wp-json\/wp\/v2\/media?parent=2"}],"curies":[{"name":"wp","href":"https:\/\/api.w.org\/{rel}","templated":true}]}}