{"id":424,"date":"2020-10-22T17:14:04","date_gmt":"2020-10-22T17:14:04","guid":{"rendered":"https:\/\/oryxrestaurante.com\/politica-de-cookies\/"},"modified":"2023-12-07T16:38:47","modified_gmt":"2023-12-07T16:38:47","slug":"cookies","status":"publish","type":"page","link":"https:\/\/oryxrestaurante.com\/es\/cookies\/","title":{"rendered":"Pol\u00edtica de Cookies"},"content":{"rendered":"<h1>COOKIES<\/h1>\n<p>En cumplimiento del art\u00edculo 22 de la Ley 34\/2002, de 11 de julio, de servicios de la sociedad de la informaci\u00f3n y de comercio electr\u00f3nico (LSSI), en relaci\u00f3n con el Reglamento (UE) 2016\/679 del Parlamento Europeo y del Consejo de 27 de abril de 2016, General de Protecci\u00f3n de Datos (RGPD) y la Ley 3\/2018, de 5 de diciembre, de Protecci\u00f3n de Datos y de Garant\u00eda de los Derechos Digitales (LOPDGDD), Oryx Restaurant pone a disposici\u00f3n de los usuarios la Pol\u00edtica de recogida y tratamiento de cookies en el sitio web.<\/p>\n<p><strong>Qu\u00e9 son las Cookies<\/strong><br \/>\nUna Cookie es un archivo que se descarga en su ordenador cuando accede a ciertos sitios web. Las cookies permiten a un sitio web, entre otras cosas, almacenar y recuperar informaci\u00f3n sobre sus h\u00e1bitos de navegaci\u00f3n y, dependiendo de la informaci\u00f3n que contengan y del uso que haga de su equipo, pueden utilizarse para identificarle.<\/p>\n<p><strong>Cookies utilizadas en el sitio web<\/strong><br \/>\nA continuaci\u00f3n se presenta una clasificaci\u00f3n de las cookies utilizadas por el sitio web https:\/\/oryxrestaurante.com:<br \/>\nDe acuerdo con la entidad que las gestiona<\/p>\n<p><strong>Cookies propias:<\/strong> Estas son enviadas y administradas directamente por el Restaurante Oryx.<br \/>\nCookies de terceros: Las cookies son enviadas al usuario desde un dominio distinto al del Restaurante Oryx.<br \/>\nDe acuerdo a su prop\u00f3sito<\/p>\n<p><strong>Cookies t\u00e9cnicas:<\/strong> Son las que permiten a los usuarios registrados navegar por el sitio web, el \u00e1rea restringida y utilizar sus diferentes funciones, como el sistema de comentarios o el navegador.<br \/>\nCookies de personalizaci\u00f3n: Son cookies que permiten a los usuarios acceder al Servicio con unas caracter\u00edsticas generales predefinidas en funci\u00f3n de una serie de criterios establecidos por el usuario, como el idioma o el tipo de navegador utilizado para conectarse a este sitio web.<br \/>\nCookies de an\u00e1lisis o medici\u00f3n: Son aquellas que, procesadas por el sitio web o por terceros, permiten cuantificar el n\u00famero de usuarios y, por tanto, permiten medir y analizar estad\u00edsticamente el uso que hacen los usuarios del sitio web. Para ello, se analiza la navegaci\u00f3n que realiza en este sitio web con el fin de mejorarla.<br \/>\nCookies sociales: Son establecidas por las plataformas de redes sociales para permitir a los usuarios compartir contenidos con sus amigos y redes.<\/p>\n<p><strong>Seg\u00fan su duraci\u00f3n<\/strong><\/p>\n<p><strong>Cookies de sesi\u00f3n:<\/strong> Son aquellas dise\u00f1adas para recolectar y almacenar datos mientras el usuario est\u00e1 accediendo al sitio web.<br \/>\nCookies persistentes: Son aquellas en las que los datos siguen almacenados en el terminal del usuario y se puede acceder a ellos y procesarlos durante un per\u00edodo definido por la persona responsable de la cookie.<\/p>\n<p><strong>Lista de cookies utilizadas<\/strong><br \/>\nEste sitio web puede establecer las siguientes cookies:<\/p>\n<p><strong>Cookies t\u00e9cnicas<\/strong><\/p>\n<p>wp-settings-{user_id}: Cookies t\u00e9cnicas utilizadas para mantener la configuraci\u00f3n del usuario en wp-admin. Es persistente y tiene una duraci\u00f3n de 1 a\u00f1o.<br \/>\nhasConsent: Cookie t\u00e9cnica que almacena el consentimiento del usuario. Es persistente y tiene una duraci\u00f3n de 1 a\u00f1o.<\/p>\n<p><strong>Cookies de an\u00e1lisis o medici\u00f3n<\/strong><\/p>\n<p>fbp: Galleta que mide el rendimiento de la publicidad en Facebook. Es persistente y tiene una duraci\u00f3n de 1 d\u00eda.<br \/>\nfr, algn: Cookies que miden el rendimiento de la publicidad de Facebook. Son cookies persistentes.<br \/>\nPixel: Cookie que permite ofrecer a los visitantes de un sitio web publicidad personalizada en su plataforma basada en datos relacionados con las cabeceras http, el p\u00edxel (ID, cookie de Facebook), y registrar y comunicar a Facebook las acciones del usuario en el sitio web.<br \/>\nCookie de an\u00e1lisis que permite la funci\u00f3n \u00fanica de control de visitas. Es persistente y dura 2 a\u00f1os.<br \/>\ngat: Analytics Cookie para limitar el n\u00famero de solicitudes. Su alcance es la sesi\u00f3n y tiene una duraci\u00f3n de 1 minuto.<br \/>\ngid: Cookie de an\u00e1lisis para distinguir a los usuarios. Su alcance es la sesi\u00f3n y tiene una duraci\u00f3n de 24 horas.<br \/>\nInformaci\u00f3n adicional:<\/p>\n<p>Puede encontrar m\u00e1s informaci\u00f3n sobre el uso de cookies de Facebook en la p\u00e1gina de la pol\u00edtica de cookies de Facebook.<br \/>\nGoogle Analytics puede establecer otras cookies de acuerdo con el documento Uso de las Cookies de Google Analytics en los sitios web.<\/p>\n<p><strong>Cookies sociales<\/strong><\/p>\n<p>El sitio web incluye otras caracter\u00edsticas proporcionadas por servicios de terceros y redes sociales para mejorar la experiencia del visitante. Puede compartir el contenido de sus redes sociales como &#8220;Facebook&#8221;, &#8220;Twitter&#8221;, &#8220;Instagram&#8221;, &#8220;Vimeo&#8221; o &#8220;YouTube&#8221; con los botones proporcionados para tal fin o con las herramientas de compartici\u00f3n de las propias redes sociales. Como resultado, estos servicios pueden establecer cookies y utilizarlas para rastrear su actividad en l\u00ednea. No tenemos control directo sobre la informaci\u00f3n recogida por estas cookies.<br \/>\nEl sitio web puede establecer otras cookies:<\/p>\n<p><strong>Aceptar o rechazar la instalaci\u00f3n de cookies<\/strong><br \/>\nEl Restaurante Oryx muestra informaci\u00f3n sobre su pol\u00edtica de galletas en el banner de galletas accesible en todas las p\u00e1ginas del sitio web. El banner de la cookie muestra informaci\u00f3n esencial sobre el procesamiento de datos y permite al usuario realizar las siguientes acciones:<\/p>\n<p><strong>Acepta la instalaci\u00f3n de cookies.<\/strong><br \/>\nRechazar la instalaci\u00f3n de cookies o retirar el consentimiento previamente dado.<br \/>\nObtener informaci\u00f3n adicional sobre qu\u00e9 son las cookies, conocer la pol\u00edtica de cookies y modificar la configuraci\u00f3n para aceptar o rechazar las cookies en cualquier momento.<br \/>\nEliminaci\u00f3n de cookies<br \/>\nPuede aceptar, bloquear o eliminar las cookies instaladas en su ordenador configurando las opciones de su navegador, pero algunas de ellas no funcionar\u00e1n correctamente o su calidad puede verse afectada.<\/p>\n<p>Los siguientes enlaces proporcionan instrucciones sobre c\u00f3mo activar o desactivar las cookies en los navegadores m\u00e1s comunes.<\/p>\n<p>Firefox https:\/\/support.mozilla.org\/es\/kb\/habilitar-y-deshabilitar-cookies-que-los-sitios-we<br \/>\nGoogle Chrome https:\/\/support.google.com\/chrome\/answer\/95647?hl=es<br \/>\nInternet Explorer https:\/\/support.microsoft.com\/es-es\/help\/17442\/windows-internet-explorer-delete-manage-cookies#ie= &#8220;ie-10&#8221;<br \/>\nMicrosoft Edge https:\/\/support.microsoft.com\/es-es\/help\/4468242\/microsoft-edge-browsing-data-and-privacy<br \/>\nSafari https:\/\/support.apple.com\/kb\/HT1677?viewlocale=es_ES<br \/>\nTratamiento de los datos personales<br \/>\nEl restaurante Oryx es responsable del tratamiento de los datos personales del usuario.<\/p>\n<p><strong>Contacto<\/strong><br \/>\nSi tiene alguna pregunta sobre esta pol\u00edtica de cookies o quiere hacer alg\u00fan comentario sobre este sitio web, puede enviar un correo electr\u00f3nico a Info@oryx.com.<\/p>\n","protected":false},"excerpt":{"rendered":"<p>COOKIES En cumplimiento del art\u00edculo 22 de la Ley 34\/2002, de 11 de julio, de servicios de la sociedad de la informaci\u00f3n y de comercio electr\u00f3nico (LSSI), en relaci\u00f3n con el Reglamento (UE) 2016\/679 del Parlamento Europeo y del Consejo de 27 de abril de 2016, General de Protecci\u00f3n de Datos (RGPD) y la Ley&#8230;<\/p>\n","protected":false},"author":1,"featured_media":0,"parent":0,"menu_order":0,"comment_status":"closed","ping_status":"closed","template":"","meta":{"footnotes":""},"class_list":["post-424","page","type-page","status-publish","hentry"],"yoast_head":"<!-- This site is optimized with the Yoast SEO plugin v26.9 - https:\/\/yoast.com\/product\/yoast-seo-wordpress\/ -->\n<title>Pol\u00edtica de Cookies | Nos dedicamos a enamorar tu paladar.<\/title>\n<meta name=\"description\" content=\"Pol\u00edtica de Cookies | En Oryx compartimos contigo lo mejor de la gastronom\u00eda de la regi\u00f3n.\" \/>\n<meta name=\"robots\" content=\"index, follow, max-snippet:-1, max-image-preview:large, max-video-preview:-1\" \/>\n<link rel=\"canonical\" href=\"https:\/\/oryxrestaurante.com\/cookies\/\" \/>\n<meta property=\"og:locale\" content=\"es_MX\" \/>\n<meta property=\"og:type\" content=\"article\" \/>\n<meta property=\"og:title\" content=\"Pol\u00edtica de Cookies | Nos dedicamos a enamorar tu paladar.\" \/>\n<meta property=\"og:description\" content=\"Pol\u00edtica de Cookies | En Oryx compartimos contigo lo mejor de la gastronom\u00eda de la regi\u00f3n.\" \/>\n<meta property=\"og:url\" content=\"https:\/\/oryxrestaurante.com\/cookies\/\" \/>\n<meta property=\"og:site_name\" content=\"Oryx CaliBaja Cuisine\" \/>\n<meta property=\"article:publisher\" content=\"https:\/\/www.facebook.com\/oryxrestaurante\" \/>\n<meta property=\"article:modified_time\" content=\"2023-12-07T16:38:47+00:00\" \/>\n<meta property=\"og:image\" content=\"https:\/\/oryxrestaurante.com\/wp-content\/uploads\/media\/oryx-banner-min.jpg\" \/>\n\t<meta property=\"og:image:width\" content=\"1600\" \/>\n\t<meta property=\"og:image:height\" content=\"739\" \/>\n\t<meta property=\"og:image:type\" content=\"image\/jpeg\" \/>\n<meta name=\"twitter:label1\" content=\"Tiempo de lectura\" \/>\n\t<meta name=\"twitter:data1\" content=\"5 minutos\" \/>\n<script type=\"application\/ld+json\" class=\"yoast-schema-graph\">{\"@context\":\"https:\/\/schema.org\",\"@graph\":[{\"@type\":\"WebPage\",\"@id\":\"https:\/\/oryxrestaurante.com\/cookies\/\",\"url\":\"https:\/\/oryxrestaurante.com\/cookies\/\",\"name\":\"Pol\u00edtica de Cookies | Nos dedicamos a enamorar tu paladar.\",\"isPartOf\":{\"@id\":\"https:\/\/oryxrestaurante.com\/#website\"},\"datePublished\":\"2020-10-22T17:14:04+00:00\",\"dateModified\":\"2023-12-07T16:38:47+00:00\",\"description\":\"Pol\u00edtica de Cookies | En Oryx compartimos contigo lo mejor de la gastronom\u00eda de la regi\u00f3n.\",\"breadcrumb\":{\"@id\":\"https:\/\/oryxrestaurante.com\/cookies\/#breadcrumb\"},\"inLanguage\":\"es\",\"potentialAction\":[{\"@type\":\"ReadAction\",\"target\":[\"https:\/\/oryxrestaurante.com\/cookies\/\"]}]},{\"@type\":\"BreadcrumbList\",\"@id\":\"https:\/\/oryxrestaurante.com\/cookies\/#breadcrumb\",\"itemListElement\":[{\"@type\":\"ListItem\",\"position\":1,\"name\":\"Inicio\",\"item\":\"https:\/\/oryxrestaurante.com\/es\/\"},{\"@type\":\"ListItem\",\"position\":2,\"name\":\"Pol\u00edtica de Cookies\"}]},{\"@type\":\"WebSite\",\"@id\":\"https:\/\/oryxrestaurante.com\/#website\",\"url\":\"https:\/\/oryxrestaurante.com\/\",\"name\":\"Oryx CaliBaja Cuisine\",\"description\":\"\",\"publisher\":{\"@id\":\"https:\/\/oryxrestaurante.com\/#organization\"},\"potentialAction\":[{\"@type\":\"SearchAction\",\"target\":{\"@type\":\"EntryPoint\",\"urlTemplate\":\"https:\/\/oryxrestaurante.com\/?s={search_term_string}\"},\"query-input\":{\"@type\":\"PropertyValueSpecification\",\"valueRequired\":true,\"valueName\":\"search_term_string\"}}],\"inLanguage\":\"es\"},{\"@type\":\"Organization\",\"@id\":\"https:\/\/oryxrestaurante.com\/#organization\",\"name\":\"Oryx Restaurante\",\"url\":\"https:\/\/oryxrestaurante.com\/\",\"logo\":{\"@type\":\"ImageObject\",\"inLanguage\":\"es\",\"@id\":\"https:\/\/oryxrestaurante.com\/#\/schema\/logo\/image\/\",\"url\":\"https:\/\/oryxrestaurante.com\/wp-content\/uploads\/media\/favicon-min.png\",\"contentUrl\":\"https:\/\/oryxrestaurante.com\/wp-content\/uploads\/media\/favicon-min.png\",\"width\":346,\"height\":345,\"caption\":\"Oryx Restaurante\"},\"image\":{\"@id\":\"https:\/\/oryxrestaurante.com\/#\/schema\/logo\/image\/\"},\"sameAs\":[\"https:\/\/www.facebook.com\/oryxrestaurante\",\"https:\/\/www.instagram.com\/oryxrestaurante\/\"]}]}<\/script>\n<!-- \/ Yoast SEO plugin. -->","yoast_head_json":{"title":"Pol\u00edtica de Cookies | Nos dedicamos a enamorar tu paladar.","description":"Pol\u00edtica de Cookies | En Oryx compartimos contigo lo mejor de la gastronom\u00eda de la regi\u00f3n.","robots":{"index":"index","follow":"follow","max-snippet":"max-snippet:-1","max-image-preview":"max-image-preview:large","max-video-preview":"max-video-preview:-1"},"canonical":"https:\/\/oryxrestaurante.com\/cookies\/","og_locale":"es_MX","og_type":"article","og_title":"Pol\u00edtica de Cookies | Nos dedicamos a enamorar tu paladar.","og_description":"Pol\u00edtica de Cookies | En Oryx compartimos contigo lo mejor de la gastronom\u00eda de la regi\u00f3n.","og_url":"https:\/\/oryxrestaurante.com\/cookies\/","og_site_name":"Oryx CaliBaja Cuisine","article_publisher":"https:\/\/www.facebook.com\/oryxrestaurante","article_modified_time":"2023-12-07T16:38:47+00:00","og_image":[{"width":1600,"height":739,"url":"https:\/\/oryxrestaurante.com\/wp-content\/uploads\/media\/oryx-banner-min.jpg","type":"image\/jpeg"}],"twitter_misc":{"Tiempo de lectura":"5 minutos"},"schema":{"@context":"https:\/\/schema.org","@graph":[{"@type":"WebPage","@id":"https:\/\/oryxrestaurante.com\/cookies\/","url":"https:\/\/oryxrestaurante.com\/cookies\/","name":"Pol\u00edtica de Cookies | Nos dedicamos a enamorar tu paladar.","isPartOf":{"@id":"https:\/\/oryxrestaurante.com\/#website"},"datePublished":"2020-10-22T17:14:04+00:00","dateModified":"2023-12-07T16:38:47+00:00","description":"Pol\u00edtica de Cookies | En Oryx compartimos contigo lo mejor de la gastronom\u00eda de la regi\u00f3n.","breadcrumb":{"@id":"https:\/\/oryxrestaurante.com\/cookies\/#breadcrumb"},"inLanguage":"es","potentialAction":[{"@type":"ReadAction","target":["https:\/\/oryxrestaurante.com\/cookies\/"]}]},{"@type":"BreadcrumbList","@id":"https:\/\/oryxrestaurante.com\/cookies\/#breadcrumb","itemListElement":[{"@type":"ListItem","position":1,"name":"Inicio","item":"https:\/\/oryxrestaurante.com\/es\/"},{"@type":"ListItem","position":2,"name":"Pol\u00edtica de Cookies"}]},{"@type":"WebSite","@id":"https:\/\/oryxrestaurante.com\/#website","url":"https:\/\/oryxrestaurante.com\/","name":"Oryx CaliBaja Cuisine","description":"","publisher":{"@id":"https:\/\/oryxrestaurante.com\/#organization"},"potentialAction":[{"@type":"SearchAction","target":{"@type":"EntryPoint","urlTemplate":"https:\/\/oryxrestaurante.com\/?s={search_term_string}"},"query-input":{"@type":"PropertyValueSpecification","valueRequired":true,"valueName":"search_term_string"}}],"inLanguage":"es"},{"@type":"Organization","@id":"https:\/\/oryxrestaurante.com\/#organization","name":"Oryx Restaurante","url":"https:\/\/oryxrestaurante.com\/","logo":{"@type":"ImageObject","inLanguage":"es","@id":"https:\/\/oryxrestaurante.com\/#\/schema\/logo\/image\/","url":"https:\/\/oryxrestaurante.com\/wp-content\/uploads\/media\/favicon-min.png","contentUrl":"https:\/\/oryxrestaurante.com\/wp-content\/uploads\/media\/favicon-min.png","width":346,"height":345,"caption":"Oryx Restaurante"},"image":{"@id":"https:\/\/oryxrestaurante.com\/#\/schema\/logo\/image\/"},"sameAs":["https:\/\/www.facebook.com\/oryxrestaurante","https:\/\/www.instagram.com\/oryxrestaurante\/"]}]}},"_links":{"self":[{"href":"https:\/\/oryxrestaurante.com\/es\/wp-json\/wp\/v2\/pages\/424","targetHints":{"allow":["GET"]}}],"collection":[{"href":"https:\/\/oryxrestaurante.com\/es\/wp-json\/wp\/v2\/pages"}],"about":[{"href":"https:\/\/oryxrestaurante.com\/es\/wp-json\/wp\/v2\/types\/page"}],"author":[{"embeddable":true,"href":"https:\/\/oryxrestaurante.com\/es\/wp-json\/wp\/v2\/users\/1"}],"replies":[{"embeddable":true,"href":"https:\/\/oryxrestaurante.com\/es\/wp-json\/wp\/v2\/comments?post=424"}],"version-history":[{"count":0,"href":"https:\/\/oryxrestaurante.com\/es\/wp-json\/wp\/v2\/pages\/424\/revisions"}],"wp:attachment":[{"href":"https:\/\/oryxrestaurante.com\/es\/wp-json\/wp\/v2\/media?parent=424"}],"curies":[{"name":"wp","href":"https:\/\/api.w.org\/{rel}","templated":true}]}}