{"id":425,"date":"2020-10-22T17:24:44","date_gmt":"2020-10-22T17:24:44","guid":{"rendered":"https:\/\/oryxrestaurante.com\/?page_id=425"},"modified":"2026-03-27T18:55:29","modified_gmt":"2026-03-27T18:55:29","slug":"legal","status":"publish","type":"page","link":"https:\/\/oryxrestaurante.com\/es\/legal\/","title":{"rendered":"Aviso Legal"},"content":{"rendered":"<div class=\"wpb-content-wrapper\"><section class=\"l-section wpb_row height_medium\"><div class=\"l-section-h i-cf\"><div class=\"g-cols vc_row type_default valign_top\"><div class=\"vc_col-sm-12 wpb_column vc_column_container\"><div class=\"vc_column-inner\"><div class=\"wpb_wrapper\"><div class=\"wpb_text_column us_custom_03f3d98b has_text_color\" ><div class=\"wpb_wrapper\"><h1>AVISO LEGAL<\/h1>\n<p><strong>Identificaci\u00f3n y propiedad<\/strong><br \/>\nEn cumplimiento del art\u00edculo 10 de la Ley 34\/2002, de 11 de julio, de Servicios de la Sociedad de la Informaci\u00f3n y de Comercio Electr\u00f3nico, el Titular expone sus datos de identificaci\u00f3n.<\/p>\n<p>Titular: Restaurante Oryx.<br \/>\nDirecci\u00f3n: Blvd. Agua Caliente 10750, Interior 84, \u00a0Calete 22020, Tijuana B.C. M\u00e9xico.<br \/>\nCorreo electr\u00f3nico: reservaciones@oryxcapital.mx<br \/>\nN\u00famero de tel\u00e9fono de contacto: 6647547562<br \/>\nP\u00e1gina web: https:\/\/oryxrestaurante.com<\/p>\n<p><strong>Prop\u00f3sito<\/strong><br \/>\nEl prop\u00f3sito del sitio web https:\/\/oryxrestaurante.com es preparar y vender alimentos.<\/p>\n<p><strong>Condiciones de uso<\/strong><br \/>\nLa utilizaci\u00f3n del sitio web le otorga la condici\u00f3n de Usuario, e implica la completa aceptaci\u00f3n de todas las cl\u00e1usulas y condiciones de uso incluidas en las p\u00e1ginas:<\/p>\n<h2>Aviso legal<\/h2>\n<p><strong>Pol\u00edtica de cookies<\/strong><br \/>\nSi no est\u00e1 de acuerdo con todos y cada uno de estos t\u00e9rminos y condiciones, por favor no utilice este sitio web.<\/p>\n<p>El acceso a este sitio web no constituye en modo alguno el inicio de una relaci\u00f3n comercial con el restaurante Oryx.<\/p>\n<p>A trav\u00e9s de este sitio web, el Propietario facilita el acceso y la utilizaci\u00f3n de diversos contenidos que el Propietario o sus colaboradores han publicado en Internet.<\/p>\n<p>A tal fin, se obliga y compromete a NO utilizar ninguno de los contenidos del sitio web con fines o efectos il\u00edcitos, prohibidos en el presente Aviso Legal o por la ley, lesivos de los derechos e intereses de terceros, o que de cualquier forma puedan da\u00f1ar, inutilizar, sobrecargar, deteriorar o impedir la normal utilizaci\u00f3n de los contenidos, equipos inform\u00e1ticos o documentos, archivos y toda clase de contenidos almacenados en cualquier equipo inform\u00e1tico propiedad o contratado por Oryx Restaurante, otros usuarios o cualquier usuario de Internet.<\/p>\n<p><strong>Mayor\u00eda de edad<\/strong><br \/>\nDebe tener por lo menos 18 a\u00f1os de edad para utilizar los servicios ofrecidos por el restaurante Oryx o la mayor\u00eda de edad requerida por su pa\u00eds para registrarse o utilizar el sitio web. Si usted reside en un pa\u00eds fuera de la regi\u00f3n europea, debe tener al menos 13 a\u00f1os de edad para utilizar el sitio web o la mayor\u00eda de edad requerida en su pa\u00eds para registrarse o utilizar el sitio web.<\/p>\n<p>Adem\u00e1s de tener la edad m\u00ednima requerida para utilizar el Sitio Web conforme a la legislaci\u00f3n aplicable, si no tienes la edad suficiente para poder cumplir las condiciones en tu pa\u00eds, tus padres o tutores deber\u00e1n aceptar las condiciones en tu nombre.<\/p>\n<p><strong>Medidas de seguridad<\/strong><br \/>\nLos datos personales facilitados al propietario podr\u00e1n ser almacenados en bases de datos automatizadas o no, cuya titularidad corresponde exclusivamente a Oryx Restaurante, que asume todas las medidas de \u00edndole t\u00e9cnica, organizativa y de seguridad que garanticen la confidencialidad, integridad y calidad de la informaci\u00f3n contenida en las mismas de acuerdo con lo establecido en la legislaci\u00f3n vigente en materia de protecci\u00f3n de datos.<\/p>\n<p>No obstante, debe ser consciente de que las medidas de seguridad de los sistemas inform\u00e1ticos en Internet no son enteramente fiables y que, por tanto, el Titular no puede garantizar la ausencia de virus u otros elementos que puedan producir alteraciones en los sistemas inform\u00e1ticos (software y hardware) del Usuario o en sus documentos electr\u00f3nicos y ficheros contenidos en los mismos, si bien el Titular pone todos los medios necesarios y adopta las medidas de seguridad adecuadas para evitar la presencia de estos elementos nocivos.<\/p>\n<p><strong>Contenido<\/strong><br \/>\nEl Titular ha obtenido la informaci\u00f3n, el contenido multimedia y los materiales incluidos en el sitio web de fuentes que considera fiables, pero si bien ha tomado todas las medidas razonables para asegurarse de que la informaci\u00f3n contenida sea correcta, el Titular no garantiza que sea exacta, completa o actualizada. El Restaurante Oryx declina expresamente cualquier responsabilidad por errores u omisiones en la informaci\u00f3n contenida en las p\u00e1ginas de este sitio Web.<\/p>\n<p>Queda prohibido transmitir o enviar a trav\u00e9s del sitio web cualquier contenido ilegal o il\u00edcito, virus inform\u00e1ticos o mensajes que, en general, afecten o violen derechos del Titular o de terceros.<\/p>\n<p>Los contenidos de https:\/\/oryxrestaurante.com tienen car\u00e1cter meramente informativo y en ning\u00fan caso deben ser utilizados o considerados como una oferta de venta, una solicitud de oferta de compra o una recomendaci\u00f3n para realizar cualquier otra operaci\u00f3n, salvo que se indique expresamente.<\/p>\n<p>Oryx Restaurante se reserva el derecho de modificar, suspender, cancelar o restringir el contenido de https:\/\/oryxrestaurante.com los v\u00ednculos o la informaci\u00f3n obtenida a trav\u00e9s del sitio web, sin necesidad de previo aviso.<\/p>\n<p>Oryx Restaurante no se hace responsable de los da\u00f1os y perjuicios que puedan derivarse de la utilizaci\u00f3n de la informaci\u00f3n del sitio web o de la informaci\u00f3n contenida en las redes sociales del Titular.<\/p>\n<p><strong>Pol\u00edtica de cookies<\/strong><br \/>\nEn la p\u00e1gina de Pol\u00edtica de Cookies puede consultar toda la informaci\u00f3n relativa a la pol\u00edtica de recogida y procesamiento de cookies.<\/p>\n<p><strong>Enlaces a otros sitios web<\/strong><br \/>\nEl Propietario podr\u00e1 facilitar el acceso a sitios web de terceros mediante enlaces con el \u00fanico fin de informar sobre la existencia de otras fuentes de informaci\u00f3n en Internet en las que se pueden ampliar los datos ofrecidos en el sitio web.<\/p>\n<p>Estos enlaces a otros sitios web no suponen en modo alguno una sugerencia o recomendaci\u00f3n para que Ud. visite los sitios web de destino, los cuales escapan al control del Titular, por lo que Oryx Restaurante no se hace responsable del contenido de los sitios web enlazados ni del resultado obtenido al seguir los enlaces.<\/p>\n<p>Asimismo, Oryx Restaurante no se hace responsable de los enlaces o referencias que se encuentren en los sitios web enlazados a los que proporciona acceso.<\/p>\n<p>El establecimiento del enlace no implica en ning\u00fan caso la existencia de relaciones entre Oryx Restaurante y el propietario del sitio donde se establezca el enlace, ni la aceptaci\u00f3n o aprobaci\u00f3n por parte del mismo de sus contenidos o servicios.<\/p>\n<p>Si accede a un sitio web externo desde un enlace que se encuentra en https:\/\/oryxrestaurante.com deber\u00e1 leer la pol\u00edtica de privacidad del otro sitio web, que puede ser diferente a la de este sitio web.<\/p>\n<p><strong>Propiedad intelectual e industrial<\/strong><br \/>\nTodos los derechos reservados.<\/p>\n<p>Todo acceso a este sitio web queda sujeto a las siguientes condiciones: queda expresamente prohibida la reproducci\u00f3n, el almacenamiento permanente y la difusi\u00f3n de los contenidos o cualquier otro uso con fines p\u00fablicos o comerciales, sin el previo y expreso consentimiento por escrito de Oryx Restaurante.<\/p>\n<p><strong>Limitaci\u00f3n de responsabilidad<\/strong><br \/>\nEl restaurante Oryx declina toda responsabilidad en caso de interrupciones o mal funcionamiento de los servicios o contenidos ofrecidos en Internet, cualquiera que sea la causa. Asimismo, el Titular no se hace responsable de las interrupciones de la red, la p\u00e9rdida de negocio como consecuencia de dichas interrupciones, la suspensi\u00f3n temporal de la electricidad o cualquier otro da\u00f1o indirecto que pueda ser causado por causas ajenas al Titular.<\/p>\n<p>Antes de tomar decisiones y\/o acciones basadas en la informaci\u00f3n incluida en el Sitio Web, el Titular recomienda verificar y contrastar la informaci\u00f3n recibida con otras fuentes.<\/p>\n<p><strong>Derecho de exclusi\u00f3n<\/strong><br \/>\nOryx Restaurante se reserva el derecho a denegar o retirar el acceso al sitio web y a los servicios ofrecidos sin necesidad de previo aviso, a instancia propia o de un tercero, a aquellos usuarios que incumplan cualquiera de las condiciones del presente Aviso Legal.<\/p>\n<p><strong>Contacto<\/strong><br \/>\nSi tiene alguna pregunta en relaci\u00f3n a estas Condiciones Legales o quiere hacer alg\u00fan comentario sobre este sitio web, puede enviar un correo electr\u00f3nico a reservaciones@oryxcapital.mx<\/p>\n<\/div><\/div><\/div><\/div><\/div><\/div><\/div><\/section>\n<\/div>","protected":false},"excerpt":{"rendered":"AVISO LEGAL Identificaci\u00f3n y propiedad En cumplimiento del art\u00edculo 10 de la Ley 34\/2002, de 11 de julio, de Servicios de la Sociedad de la Informaci\u00f3n y de Comercio Electr\u00f3nico, el Titular expone sus datos de identificaci\u00f3n. Titular: Restaurante Oryx. Direcci\u00f3n: Blvd. Agua Caliente 10750, Interior 84, \u00a0Calete 22020, Tijuana B.C. M\u00e9xico. Correo electr\u00f3nico: reservaciones@oryxcapital.mx...","protected":false},"author":1,"featured_media":0,"parent":0,"menu_order":0,"comment_status":"closed","ping_status":"closed","template":"","meta":{"footnotes":""},"class_list":["post-425","page","type-page","status-publish","hentry"],"yoast_head":"<!-- This site is optimized with the Yoast SEO plugin v26.9 - https:\/\/yoast.com\/product\/yoast-seo-wordpress\/ -->\n<title>Aviso Legal | Nos dedicamos a enamorar tu paladar.<\/title>\n<meta name=\"description\" content=\"Aviso Legal | En Oryx compartimos contigo lo mejor de la gastronom\u00eda de la regi\u00f3n.\" \/>\n<meta name=\"robots\" content=\"index, follow, max-snippet:-1, max-image-preview:large, max-video-preview:-1\" \/>\n<link rel=\"canonical\" href=\"https:\/\/oryxrestaurante.com\/es\/legal\/\" \/>\n<meta property=\"og:locale\" content=\"es_MX\" \/>\n<meta property=\"og:type\" content=\"article\" \/>\n<meta property=\"og:title\" content=\"Aviso Legal | Nos dedicamos a enamorar tu paladar.\" \/>\n<meta property=\"og:description\" content=\"Aviso Legal | En Oryx compartimos contigo lo mejor de la gastronom\u00eda de la regi\u00f3n.\" \/>\n<meta property=\"og:url\" content=\"https:\/\/oryxrestaurante.com\/es\/legal\/\" \/>\n<meta property=\"og:site_name\" content=\"Oryx CaliBaja Cuisine\" \/>\n<meta property=\"article:publisher\" content=\"https:\/\/www.facebook.com\/oryxrestaurante\" \/>\n<meta property=\"article:modified_time\" content=\"2026-03-27T18:55:29+00:00\" \/>\n<meta property=\"og:image\" content=\"https:\/\/oryxrestaurante.com\/wp-content\/uploads\/media\/oryx-banner-min.jpg\" \/>\n\t<meta property=\"og:image:width\" content=\"1600\" \/>\n\t<meta property=\"og:image:height\" content=\"739\" \/>\n\t<meta property=\"og:image:type\" content=\"image\/jpeg\" \/>\n<meta name=\"twitter:label1\" content=\"Tiempo de lectura\" \/>\n\t<meta name=\"twitter:data1\" content=\"6 minutos\" \/>\n<script type=\"application\/ld+json\" class=\"yoast-schema-graph\">{\"@context\":\"https:\/\/schema.org\",\"@graph\":[{\"@type\":\"WebPage\",\"@id\":\"https:\/\/oryxrestaurante.com\/es\/legal\/\",\"url\":\"https:\/\/oryxrestaurante.com\/es\/legal\/\",\"name\":\"Aviso Legal | Nos dedicamos a enamorar tu paladar.\",\"isPartOf\":{\"@id\":\"https:\/\/oryxrestaurante.com\/#website\"},\"datePublished\":\"2020-10-22T17:24:44+00:00\",\"dateModified\":\"2026-03-27T18:55:29+00:00\",\"description\":\"Aviso Legal | En Oryx compartimos contigo lo mejor de la gastronom\u00eda de la regi\u00f3n.\",\"breadcrumb\":{\"@id\":\"https:\/\/oryxrestaurante.com\/es\/legal\/#breadcrumb\"},\"inLanguage\":\"es\",\"potentialAction\":[{\"@type\":\"ReadAction\",\"target\":[\"https:\/\/oryxrestaurante.com\/es\/legal\/\"]}]},{\"@type\":\"BreadcrumbList\",\"@id\":\"https:\/\/oryxrestaurante.com\/es\/legal\/#breadcrumb\",\"itemListElement\":[{\"@type\":\"ListItem\",\"position\":1,\"name\":\"Inicio\",\"item\":\"https:\/\/oryxrestaurante.com\/es\/\"},{\"@type\":\"ListItem\",\"position\":2,\"name\":\"Aviso Legal\"}]},{\"@type\":\"WebSite\",\"@id\":\"https:\/\/oryxrestaurante.com\/#website\",\"url\":\"https:\/\/oryxrestaurante.com\/\",\"name\":\"Oryx CaliBaja Cuisine\",\"description\":\"\",\"publisher\":{\"@id\":\"https:\/\/oryxrestaurante.com\/#organization\"},\"potentialAction\":[{\"@type\":\"SearchAction\",\"target\":{\"@type\":\"EntryPoint\",\"urlTemplate\":\"https:\/\/oryxrestaurante.com\/?s={search_term_string}\"},\"query-input\":{\"@type\":\"PropertyValueSpecification\",\"valueRequired\":true,\"valueName\":\"search_term_string\"}}],\"inLanguage\":\"es\"},{\"@type\":\"Organization\",\"@id\":\"https:\/\/oryxrestaurante.com\/#organization\",\"name\":\"Oryx Restaurante\",\"url\":\"https:\/\/oryxrestaurante.com\/\",\"logo\":{\"@type\":\"ImageObject\",\"inLanguage\":\"es\",\"@id\":\"https:\/\/oryxrestaurante.com\/#\/schema\/logo\/image\/\",\"url\":\"https:\/\/oryxrestaurante.com\/wp-content\/uploads\/media\/favicon-min.png\",\"contentUrl\":\"https:\/\/oryxrestaurante.com\/wp-content\/uploads\/media\/favicon-min.png\",\"width\":346,\"height\":345,\"caption\":\"Oryx Restaurante\"},\"image\":{\"@id\":\"https:\/\/oryxrestaurante.com\/#\/schema\/logo\/image\/\"},\"sameAs\":[\"https:\/\/www.facebook.com\/oryxrestaurante\",\"https:\/\/www.instagram.com\/oryxrestaurante\/\"]}]}<\/script>\n<!-- \/ Yoast SEO plugin. -->","yoast_head_json":{"title":"Aviso Legal | Nos dedicamos a enamorar tu paladar.","description":"Aviso Legal | En Oryx compartimos contigo lo mejor de la gastronom\u00eda de la regi\u00f3n.","robots":{"index":"index","follow":"follow","max-snippet":"max-snippet:-1","max-image-preview":"max-image-preview:large","max-video-preview":"max-video-preview:-1"},"canonical":"https:\/\/oryxrestaurante.com\/es\/legal\/","og_locale":"es_MX","og_type":"article","og_title":"Aviso Legal | Nos dedicamos a enamorar tu paladar.","og_description":"Aviso Legal | En Oryx compartimos contigo lo mejor de la gastronom\u00eda de la regi\u00f3n.","og_url":"https:\/\/oryxrestaurante.com\/es\/legal\/","og_site_name":"Oryx CaliBaja Cuisine","article_publisher":"https:\/\/www.facebook.com\/oryxrestaurante","article_modified_time":"2026-03-27T18:55:29+00:00","og_image":[{"width":1600,"height":739,"url":"https:\/\/oryxrestaurante.com\/wp-content\/uploads\/media\/oryx-banner-min.jpg","type":"image\/jpeg"}],"twitter_misc":{"Tiempo de lectura":"6 minutos"},"schema":{"@context":"https:\/\/schema.org","@graph":[{"@type":"WebPage","@id":"https:\/\/oryxrestaurante.com\/es\/legal\/","url":"https:\/\/oryxrestaurante.com\/es\/legal\/","name":"Aviso Legal | Nos dedicamos a enamorar tu paladar.","isPartOf":{"@id":"https:\/\/oryxrestaurante.com\/#website"},"datePublished":"2020-10-22T17:24:44+00:00","dateModified":"2026-03-27T18:55:29+00:00","description":"Aviso Legal | En Oryx compartimos contigo lo mejor de la gastronom\u00eda de la regi\u00f3n.","breadcrumb":{"@id":"https:\/\/oryxrestaurante.com\/es\/legal\/#breadcrumb"},"inLanguage":"es","potentialAction":[{"@type":"ReadAction","target":["https:\/\/oryxrestaurante.com\/es\/legal\/"]}]},{"@type":"BreadcrumbList","@id":"https:\/\/oryxrestaurante.com\/es\/legal\/#breadcrumb","itemListElement":[{"@type":"ListItem","position":1,"name":"Inicio","item":"https:\/\/oryxrestaurante.com\/es\/"},{"@type":"ListItem","position":2,"name":"Aviso Legal"}]},{"@type":"WebSite","@id":"https:\/\/oryxrestaurante.com\/#website","url":"https:\/\/oryxrestaurante.com\/","name":"Oryx CaliBaja Cuisine","description":"","publisher":{"@id":"https:\/\/oryxrestaurante.com\/#organization"},"potentialAction":[{"@type":"SearchAction","target":{"@type":"EntryPoint","urlTemplate":"https:\/\/oryxrestaurante.com\/?s={search_term_string}"},"query-input":{"@type":"PropertyValueSpecification","valueRequired":true,"valueName":"search_term_string"}}],"inLanguage":"es"},{"@type":"Organization","@id":"https:\/\/oryxrestaurante.com\/#organization","name":"Oryx Restaurante","url":"https:\/\/oryxrestaurante.com\/","logo":{"@type":"ImageObject","inLanguage":"es","@id":"https:\/\/oryxrestaurante.com\/#\/schema\/logo\/image\/","url":"https:\/\/oryxrestaurante.com\/wp-content\/uploads\/media\/favicon-min.png","contentUrl":"https:\/\/oryxrestaurante.com\/wp-content\/uploads\/media\/favicon-min.png","width":346,"height":345,"caption":"Oryx Restaurante"},"image":{"@id":"https:\/\/oryxrestaurante.com\/#\/schema\/logo\/image\/"},"sameAs":["https:\/\/www.facebook.com\/oryxrestaurante","https:\/\/www.instagram.com\/oryxrestaurante\/"]}]}},"_links":{"self":[{"href":"https:\/\/oryxrestaurante.com\/es\/wp-json\/wp\/v2\/pages\/425","targetHints":{"allow":["GET"]}}],"collection":[{"href":"https:\/\/oryxrestaurante.com\/es\/wp-json\/wp\/v2\/pages"}],"about":[{"href":"https:\/\/oryxrestaurante.com\/es\/wp-json\/wp\/v2\/types\/page"}],"author":[{"embeddable":true,"href":"https:\/\/oryxrestaurante.com\/es\/wp-json\/wp\/v2\/users\/1"}],"replies":[{"embeddable":true,"href":"https:\/\/oryxrestaurante.com\/es\/wp-json\/wp\/v2\/comments?post=425"}],"version-history":[{"count":0,"href":"https:\/\/oryxrestaurante.com\/es\/wp-json\/wp\/v2\/pages\/425\/revisions"}],"wp:attachment":[{"href":"https:\/\/oryxrestaurante.com\/es\/wp-json\/wp\/v2\/media?parent=425"}],"curies":[{"name":"wp","href":"https:\/\/api.w.org\/{rel}","templated":true}]}}