{"id":72,"date":"2020-09-01T20:23:09","date_gmt":"2020-09-01T20:23:09","guid":{"rendered":"https:\/\/oryxrestaurante.com\/?page_id=72"},"modified":"2021-09-21T18:50:32","modified_gmt":"2021-09-21T18:50:32","slug":"about-us","status":"publish","type":"page","link":"https:\/\/oryxrestaurante.com\/es\/about-us\/","title":{"rendered":"Nosotros"},"content":{"rendered":"<div class=\"wpb-content-wrapper\"><section class=\"l-section wpb_row height_full valign_bottom color_primary about-us with_img parallax_fixed\" id=\"home\"><div class=\"l-section-img\" style=\"background-image: url(https:\/\/oryxrestaurante.com\/wp-content\/uploads\/media\/Recta\u0301ngulo-29-min.jpg);background-repeat: no-repeat;\" data-img-width=\"1600\" data-img-height=\"900\"><\/div><div class=\"l-section-h i-cf\"><div class=\"g-cols vc_row type_default valign_middle\"><div class=\"vc_col-sm-12 wpb_column vc_column_container align_center_xs\"><div class=\"vc_column-inner\"><div class=\"wpb_wrapper\"><div class=\"wpb_text_column banner-title\" ><div class=\"wpb_wrapper\"><h1>SOBRE NOSOTROS<\/h1>\n<\/div><\/div><div class=\"w-btn-wrapper width_auto align_right\"><a class=\"w-btn us-btn-style_1 banner-button wp-video-popup\" href=\"javascript:void(0)\"><span class=\"w-btn-label\">Ver video completo<\/span><\/a><\/div><div class=\"wpb_text_column\" ><div class=\"wpb_wrapper\">\n\t<div class=\"wp-video-popup-wrapper\">\n\t\t<div class=\"wp-video-popup-close\"><\/div>\n\t\t<iframe class=\"wp-video-popup-video is-hosted is-landscape is-resizable\" src=\"\" data-wp-video-popup-url=\"https:\/\/youtube.com\/embed\/mx9_rG0M9vE?autoplay=1&#038;rel=0\" frameborder=\"0\" webkitallowfullscreen mozallowfullscreen allowfullscreen allow=\"autoplay\">\n\t\t<\/iframe>\n\t<\/div>\n\t\n<\/div><\/div><\/div><\/div><\/div><\/div><\/div><\/section><section class=\"l-section wpb_row height_auto width_full about\"><div class=\"l-section-h i-cf\"><div class=\"g-cols vc_row type_boxes valign_top\"><div class=\"vc_col-sm-6 wpb_column vc_column_container has-fill orx-img-side hide yt-video\"><div class=\"vc_column-inner us_custom_ffbb81a9 type_sticky\"><div class=\"wpb_wrapper\"><div class=\"w-video align_center ratio_16x9 about-video\"><div class=\"w-video-h\"><iframe src=\"\/\/www.youtube.com\/embed\/daf6fcW-SE8?autoplay=0&controls=1&origin=https%3A%2F%2Foryxrestaurante.com\" allowfullscreen=\"1\"><\/iframe><\/div><div class=\"w-video-icon\" style=\"font-size:1.5rem;background:rgba(0,0,0,0.5);color:#fff;\"><\/div><\/div><\/div><\/div><\/div><div class=\"vc_col-sm-6 vc_col-sm-offset-0 wpb_column vc_column_container orx-txt-side\"><div class=\"vc_column-inner us_custom_222749b4\"><div class=\"wpb_wrapper\">[vc_custom_heading text=&#8221;RESTAURANTE&#8221; use_theme_fonts=&#8221;yes&#8221; el_class=&#8221;orx-title&#8221;]<div class=\"w-separator size_medium\"><\/div><div class=\"wpb_text_column orx-text\" ><div class=\"wpb_wrapper\"><p><span style=\"font-weight: 400;\">En ORYX buscamos crear una experiencia culinaria \u00fanica para ti.<\/span><\/p>\n<p><span style=\"font-weight: 400;\">Con el Chef Ruffo Ibarra, combinamos los sabores de la pen\u00ednsula con gastronom\u00eda de alta calidad, para asegurar que cada visita sea amena e inolvidable.<\/span><\/p>\n<p><span style=\"font-weight: 400;\">Nuestro men\u00fa cuenta con una fusi\u00f3n original creada meticulosamente para encantar a tu paladar, junto con una selecci\u00f3n de bebidas hecha especialmente para complementar a nuestros platillos. Todo esto en tributo a California y la Baja.<\/span><\/p>\n<p><span style=\"font-weight: 400;\">Adem\u00e1s, contamos con personal altamente capacitado para brindar el mejor servicio y la hospitalidad que t\u00fa mereces.<\/span><\/p>\n<p><span style=\"font-weight: 400;\">Todo esto se hace porque queremos compartir lo mejor de la cocina de la regi\u00f3n contigo, as\u00ed que ven y conoce la experiencia ORYX, tenemos una mesa s\u00f3lo para ti.<\/span><\/p>\n<\/div><\/div><div class=\"w-separator size_medium\"><\/div><\/div><\/div><\/div><\/div><\/div><\/section><section class=\"l-section wpb_row height_auto width_full about\"><div class=\"l-section-h i-cf\"><div class=\"g-cols vc_row type_boxes valign_top reversed\"><div class=\"vc_col-sm-6 wpb_column vc_column_container orx-txt-side\"><div class=\"vc_column-inner us_custom_222749b4\"><div class=\"wpb_wrapper\">[vc_custom_heading text=&#8221;CHEF RUFFO&#8221; use_theme_fonts=&#8221;yes&#8221; el_class=&#8221;orx-title&#8221;]<div class=\"w-separator size_medium\"><\/div><div class=\"wpb_text_column orx-text\" ><div class=\"wpb_wrapper\"><p>Desde ni\u00f1o descubr\u00ed mi amor por la cocina y la importancia de compartirla con quien m\u00e1s se quiere. Hoy mi pasi\u00f3n radica en la gastronom\u00eda de California y Baja California, un concepto que denomin\u00e9 \u201c<em>CaliBaja<\/em>\u201d, y que desde el a\u00f1o 2015 comparto contigo a trav\u00e9s de mis platillos.<\/p>\n<p>Me inici\u00e9 en la gastronom\u00eda a los 18 a\u00f1os trabajando en el Grand Hotel y en Baci Ristorante en San Diego. Con el sue\u00f1o de convertirme en un Chef profesional, estudi\u00e9 en el Culinary Art School en Tijuana. Desde entonces pas\u00e9 por las cocinas de: Javier Plascencia en \u201cRomesco\u201d (San Diego), Massimo Bottura en \u201cOsteria Francescana\u201d (M\u00f3dena, Italia), adem\u00e1s de trabajar con Jes\u00fas S\u00e1nchez en \u201cCenador de Amos\u201d (Cantabria, Espa\u00f1a) y de cocinar al lado del Chef Jos\u00e9 Andr\u00e9s en el festival South Beach Food &amp; Wine (Miami).<\/p>\n<p>Con el prop\u00f3sito de compartir lo mejor de la gastronom\u00eda de la regi\u00f3n, en el a\u00f1o 2015, junto con mi familia, abrimos las puertas de \u201c<strong>Oryx Capital<\/strong>\u201d en Tijuana (ahora llamado \u201c<strong>Oryx Restaurante<\/strong>\u201d), y, seis meses despu\u00e9s, las de \u201cN\u00f3rtico\u201d, el speakeasy.<\/p>\n<p>Actualmente soy Chef y propietario de \u201c<strong>Oryx Restaurante<\/strong>\u201d y de N\u00f3rtico, adem\u00e1s de formar parte de World Central Kitchen y This Is About Humanity, proyectos culinarios con un importante compromiso social.<\/p>\n<p>\u00a1Mi gran deseo es seguir compartiendo la cocina local de excelencia contigo!<\/p>\n<p><strong><u>Reconocimientos<\/u><\/strong><\/p>\n<p>Su amor y pasi\u00f3n por la cocina fue reconocida en diferentes oportunidades:<\/p>\n<ul style=\"list-style-type: circle;\">\n<li>Con Oryx Restaurante recibi\u00f3 dos premios: \u201c<strong><em>Mejor Restaurante en Baja California<\/em><\/strong>\u201d por CANIRAC 2018, People\u2019s Choice, y \u201c<strong><em>Mejor Restaurante en Baja California<\/em><\/strong>\u201d por San Diego Magazine 2019.<\/li>\n<li>En el a\u00f1o 2017 Ruffo fue nombrado uno de los l\u00edderes de Baja California por la Revista Campestre y admitido en el prestigioso Vatel Club M\u00e9xico.<\/li>\n<li>En el a\u00f1o 2019 fue galardonado con el segundo lugar por Nesspreso Talents Awards en el Festival de Cine de Cannes.<\/li>\n<\/ul>\n<\/div><\/div><div class=\"w-separator size_medium\"><\/div><\/div><\/div><\/div><div class=\"vc_col-sm-6 vc_col-sm-offset-0 wpb_column vc_column_container has-fill orx-img-side\"><div class=\"vc_column-inner us_custom_a3097ea3 type_sticky\"><div class=\"wpb_wrapper\"><div class=\"w-separator size_medium orx-img\"><\/div><\/div><\/div><\/div><\/div><\/div><\/section>\n<\/div>","protected":false},"excerpt":{"rendered":"SOBRE NOSOTROS Ver video completo [vc_custom_heading text=\"RESTAURANTE\" use_theme_fonts=\"yes\" el_class=\"orx-title\"]En ORYX buscamos crear una experiencia culinaria \u00fanica para ti. Con el Chef Ruffo Ibarra, combinamos los sabores de la pen\u00ednsula con gastronom\u00eda de alta calidad, para asegurar que cada visita sea amena e inolvidable. Nuestro men\u00fa cuenta con una fusi\u00f3n original creada meticulosamente para encantar a...","protected":false},"author":1,"featured_media":0,"parent":0,"menu_order":0,"comment_status":"closed","ping_status":"closed","template":"","meta":{"footnotes":""},"class_list":["post-72","page","type-page","status-publish","hentry"],"yoast_head":"<!-- This site is optimized with the Yoast SEO plugin v26.9 - https:\/\/yoast.com\/product\/yoast-seo-wordpress\/ -->\n<title>Nosotros | Nos dedicamos a enamorar tu paladar.<\/title>\n<meta name=\"description\" content=\"Nosotros | En Oryx compartimos contigo lo mejor de la gastronom\u00eda de la regi\u00f3n.\" \/>\n<meta name=\"robots\" content=\"index, follow, max-snippet:-1, max-image-preview:large, max-video-preview:-1\" \/>\n<link rel=\"canonical\" href=\"https:\/\/oryxrestaurante.com\/about-us\/\" \/>\n<meta property=\"og:locale\" content=\"es_MX\" \/>\n<meta property=\"og:type\" content=\"article\" \/>\n<meta property=\"og:title\" content=\"Nosotros | Nos dedicamos a enamorar tu paladar.\" \/>\n<meta property=\"og:description\" content=\"Nosotros | En Oryx compartimos contigo lo mejor de la gastronom\u00eda de la regi\u00f3n.\" \/>\n<meta property=\"og:url\" content=\"https:\/\/oryxrestaurante.com\/about-us\/\" \/>\n<meta property=\"og:site_name\" content=\"Oryx CaliBaja Cuisine\" \/>\n<meta property=\"article:publisher\" content=\"https:\/\/www.facebook.com\/oryxrestaurante\" \/>\n<meta property=\"article:modified_time\" content=\"2021-09-21T18:50:32+00:00\" \/>\n<meta property=\"og:image\" content=\"https:\/\/oryxrestaurante.com\/wp-content\/uploads\/media\/oryx-banner-min.jpg\" \/>\n\t<meta property=\"og:image:width\" content=\"1600\" \/>\n\t<meta property=\"og:image:height\" content=\"739\" \/>\n\t<meta property=\"og:image:type\" content=\"image\/jpeg\" \/>\n<meta name=\"twitter:label1\" content=\"Tiempo de lectura\" \/>\n\t<meta name=\"twitter:data1\" content=\"3 minutos\" \/>\n<script type=\"application\/ld+json\" class=\"yoast-schema-graph\">{\"@context\":\"https:\/\/schema.org\",\"@graph\":[{\"@type\":\"WebPage\",\"@id\":\"https:\/\/oryxrestaurante.com\/about-us\/\",\"url\":\"https:\/\/oryxrestaurante.com\/about-us\/\",\"name\":\"Nosotros | Nos dedicamos a enamorar tu paladar.\",\"isPartOf\":{\"@id\":\"https:\/\/oryxrestaurante.com\/#website\"},\"datePublished\":\"2020-09-01T20:23:09+00:00\",\"dateModified\":\"2021-09-21T18:50:32+00:00\",\"description\":\"Nosotros | En Oryx compartimos contigo lo mejor de la gastronom\u00eda de la regi\u00f3n.\",\"breadcrumb\":{\"@id\":\"https:\/\/oryxrestaurante.com\/about-us\/#breadcrumb\"},\"inLanguage\":\"es\",\"potentialAction\":[{\"@type\":\"ReadAction\",\"target\":[\"https:\/\/oryxrestaurante.com\/about-us\/\"]}]},{\"@type\":\"BreadcrumbList\",\"@id\":\"https:\/\/oryxrestaurante.com\/about-us\/#breadcrumb\",\"itemListElement\":[{\"@type\":\"ListItem\",\"position\":1,\"name\":\"Inicio\",\"item\":\"https:\/\/oryxrestaurante.com\/es\/\"},{\"@type\":\"ListItem\",\"position\":2,\"name\":\"Nosotros\"}]},{\"@type\":\"WebSite\",\"@id\":\"https:\/\/oryxrestaurante.com\/#website\",\"url\":\"https:\/\/oryxrestaurante.com\/\",\"name\":\"Oryx CaliBaja Cuisine\",\"description\":\"\",\"publisher\":{\"@id\":\"https:\/\/oryxrestaurante.com\/#organization\"},\"potentialAction\":[{\"@type\":\"SearchAction\",\"target\":{\"@type\":\"EntryPoint\",\"urlTemplate\":\"https:\/\/oryxrestaurante.com\/?s={search_term_string}\"},\"query-input\":{\"@type\":\"PropertyValueSpecification\",\"valueRequired\":true,\"valueName\":\"search_term_string\"}}],\"inLanguage\":\"es\"},{\"@type\":\"Organization\",\"@id\":\"https:\/\/oryxrestaurante.com\/#organization\",\"name\":\"Oryx Restaurante\",\"url\":\"https:\/\/oryxrestaurante.com\/\",\"logo\":{\"@type\":\"ImageObject\",\"inLanguage\":\"es\",\"@id\":\"https:\/\/oryxrestaurante.com\/#\/schema\/logo\/image\/\",\"url\":\"https:\/\/oryxrestaurante.com\/wp-content\/uploads\/media\/favicon-min.png\",\"contentUrl\":\"https:\/\/oryxrestaurante.com\/wp-content\/uploads\/media\/favicon-min.png\",\"width\":346,\"height\":345,\"caption\":\"Oryx Restaurante\"},\"image\":{\"@id\":\"https:\/\/oryxrestaurante.com\/#\/schema\/logo\/image\/\"},\"sameAs\":[\"https:\/\/www.facebook.com\/oryxrestaurante\",\"https:\/\/www.instagram.com\/oryxrestaurante\/\"]}]}<\/script>\n<!-- \/ Yoast SEO plugin. -->","yoast_head_json":{"title":"Nosotros | Nos dedicamos a enamorar tu paladar.","description":"Nosotros | En Oryx compartimos contigo lo mejor de la gastronom\u00eda de la regi\u00f3n.","robots":{"index":"index","follow":"follow","max-snippet":"max-snippet:-1","max-image-preview":"max-image-preview:large","max-video-preview":"max-video-preview:-1"},"canonical":"https:\/\/oryxrestaurante.com\/about-us\/","og_locale":"es_MX","og_type":"article","og_title":"Nosotros | Nos dedicamos a enamorar tu paladar.","og_description":"Nosotros | En Oryx compartimos contigo lo mejor de la gastronom\u00eda de la regi\u00f3n.","og_url":"https:\/\/oryxrestaurante.com\/about-us\/","og_site_name":"Oryx CaliBaja Cuisine","article_publisher":"https:\/\/www.facebook.com\/oryxrestaurante","article_modified_time":"2021-09-21T18:50:32+00:00","og_image":[{"width":1600,"height":739,"url":"https:\/\/oryxrestaurante.com\/wp-content\/uploads\/media\/oryx-banner-min.jpg","type":"image\/jpeg"}],"twitter_misc":{"Tiempo de lectura":"3 minutos"},"schema":{"@context":"https:\/\/schema.org","@graph":[{"@type":"WebPage","@id":"https:\/\/oryxrestaurante.com\/about-us\/","url":"https:\/\/oryxrestaurante.com\/about-us\/","name":"Nosotros | Nos dedicamos a enamorar tu paladar.","isPartOf":{"@id":"https:\/\/oryxrestaurante.com\/#website"},"datePublished":"2020-09-01T20:23:09+00:00","dateModified":"2021-09-21T18:50:32+00:00","description":"Nosotros | En Oryx compartimos contigo lo mejor de la gastronom\u00eda de la regi\u00f3n.","breadcrumb":{"@id":"https:\/\/oryxrestaurante.com\/about-us\/#breadcrumb"},"inLanguage":"es","potentialAction":[{"@type":"ReadAction","target":["https:\/\/oryxrestaurante.com\/about-us\/"]}]},{"@type":"BreadcrumbList","@id":"https:\/\/oryxrestaurante.com\/about-us\/#breadcrumb","itemListElement":[{"@type":"ListItem","position":1,"name":"Inicio","item":"https:\/\/oryxrestaurante.com\/es\/"},{"@type":"ListItem","position":2,"name":"Nosotros"}]},{"@type":"WebSite","@id":"https:\/\/oryxrestaurante.com\/#website","url":"https:\/\/oryxrestaurante.com\/","name":"Oryx CaliBaja Cuisine","description":"","publisher":{"@id":"https:\/\/oryxrestaurante.com\/#organization"},"potentialAction":[{"@type":"SearchAction","target":{"@type":"EntryPoint","urlTemplate":"https:\/\/oryxrestaurante.com\/?s={search_term_string}"},"query-input":{"@type":"PropertyValueSpecification","valueRequired":true,"valueName":"search_term_string"}}],"inLanguage":"es"},{"@type":"Organization","@id":"https:\/\/oryxrestaurante.com\/#organization","name":"Oryx Restaurante","url":"https:\/\/oryxrestaurante.com\/","logo":{"@type":"ImageObject","inLanguage":"es","@id":"https:\/\/oryxrestaurante.com\/#\/schema\/logo\/image\/","url":"https:\/\/oryxrestaurante.com\/wp-content\/uploads\/media\/favicon-min.png","contentUrl":"https:\/\/oryxrestaurante.com\/wp-content\/uploads\/media\/favicon-min.png","width":346,"height":345,"caption":"Oryx Restaurante"},"image":{"@id":"https:\/\/oryxrestaurante.com\/#\/schema\/logo\/image\/"},"sameAs":["https:\/\/www.facebook.com\/oryxrestaurante","https:\/\/www.instagram.com\/oryxrestaurante\/"]}]}},"_links":{"self":[{"href":"https:\/\/oryxrestaurante.com\/es\/wp-json\/wp\/v2\/pages\/72","targetHints":{"allow":["GET"]}}],"collection":[{"href":"https:\/\/oryxrestaurante.com\/es\/wp-json\/wp\/v2\/pages"}],"about":[{"href":"https:\/\/oryxrestaurante.com\/es\/wp-json\/wp\/v2\/types\/page"}],"author":[{"embeddable":true,"href":"https:\/\/oryxrestaurante.com\/es\/wp-json\/wp\/v2\/users\/1"}],"replies":[{"embeddable":true,"href":"https:\/\/oryxrestaurante.com\/es\/wp-json\/wp\/v2\/comments?post=72"}],"version-history":[{"count":0,"href":"https:\/\/oryxrestaurante.com\/es\/wp-json\/wp\/v2\/pages\/72\/revisions"}],"wp:attachment":[{"href":"https:\/\/oryxrestaurante.com\/es\/wp-json\/wp\/v2\/media?parent=72"}],"curies":[{"name":"wp","href":"https:\/\/api.w.org\/{rel}","templated":true}]}}