{"id":80,"date":"2020-09-01T20:24:48","date_gmt":"2020-09-01T20:24:48","guid":{"rendered":"https:\/\/oryxrestaurante.com\/?page_id=80"},"modified":"2026-03-30T23:33:38","modified_gmt":"2026-03-30T23:33:38","slug":"reservations","status":"publish","type":"page","link":"https:\/\/oryxrestaurante.com\/es\/reservations\/","title":{"rendered":"Reservas"},"content":{"rendered":"<div class=\"wpb-content-wrapper\"><section class=\"l-section wpb_row height_full valign_center width_full with_img with_overlay\" id=\"booking\"><div class=\"l-section-img\" style=\"background-image: url(https:\/\/oryxrestaurante.com\/wp-content\/uploads\/media\/DSC09260-scaled.jpg);background-repeat: no-repeat;\" data-img-width=\"1707\" data-img-height=\"2560\"><\/div><div class=\"l-section-overlay\" style=\"background: rgba(0,0,0,0.55)\"><\/div><div class=\"l-section-h i-cf\"><div class=\"g-cols vc_row type_default valign_top\"><div class=\"vc_col-sm-12 wpb_column vc_column_container\"><div class=\"vc_column-inner\"><div class=\"wpb_wrapper\"><div class=\"g-cols wpb_row  type_default valign_top vc_inner\"><div class=\"vc_col-sm-2 wpb_column vc_column_container\"><div class=\"vc_column-inner\"><div class=\"wpb_wrapper\"><\/div><\/div><\/div><div class=\"vc_col-sm-8 wpb_column vc_column_container\"><div class=\"vc_column-inner\"><div class=\"wpb_wrapper\">[vc_custom_heading text=&#8221;\u00a1HAZ TU RESERVA EN ORYX RESTAURANTE!&#8221; font_container=&#8221;tag:h1|text_align:center&#8221; use_theme_fonts=&#8221;yes&#8221; el_class=&#8221;orx-title&#8221;]<div class=\"wpb_text_column orx-text\" ><div class=\"wpb_wrapper\"><p style=\"text-align: center;\"><strong>\u00a1Reserva ahora en ORYX Restaurante!<\/strong><\/p>\n<p style=\"text-align: center;\"><span style=\"font-weight: 400;\">Disfruta de la experiencia Oryx Restaurante ideal para tu reuni\u00f3n, as\u00ed que acompa\u00f1a ese momento tan especial con nuestra experiencia culinaria y gran hospitalidad. Comparte nuestra fusi\u00f3n de cocina \u201cCaliBaja\u201d y reserva tu mesa f\u00e1cilmente, en tan s\u00f3lo unos minutos. <\/span><\/p>\n<p style=\"text-align: center;\"><strong>\u00a1Ven y disfruta de nuestra gastronom\u00eda \u00fanica en la regi\u00f3n!<\/strong><\/p>\n<\/div><\/div><div class=\"w-iconbox us_custom_d44d8758 iconpos_left style_default color_custom align_center no_text has_text_color map-link\"><a target=\"_blank\" rel=\"nofollow noopener\" href=\"https:\/\/g.page\/OryxRestaurante?share\" class=\"w-iconbox-link\" aria-label=\"Ver Mapa\"><div class=\"w-iconbox-icon\" style=\"color:#ffffff;\"><i class=\"fas fa-map-marker-alt\"><\/i><\/div><\/a><div class=\"w-iconbox-meta\"><a target=\"_blank\" rel=\"nofollow noopener\" href=\"https:\/\/g.page\/OryxRestaurante?share\" class=\"w-iconbox-link\" aria-label=\"Ver Mapa\"><h4 class=\"w-iconbox-title\">Ver Mapa<\/h4><\/a><\/div><\/div>[vc_custom_heading text=&#8221;Reserva utilizando Opentable&#8221; font_container=&#8221;tag:h1|text_align:center&#8221; use_theme_fonts=&#8221;yes&#8221; el_class=&#8221;orx-title&#8221;]<div class=\"w-separator size_large\"><\/div><\/div><\/div><\/div><div class=\"vc_col-sm-2 wpb_column vc_column_container\"><div class=\"vc_column-inner\"><div class=\"wpb_wrapper\"><\/div><\/div><\/div><\/div><div class=\"g-cols wpb_row  type_default valign_top vc_inner\"><div class=\"vc_col-sm-1\/5 wpb_column vc_column_container\"><div class=\"vc_column-inner\"><div class=\"wpb_wrapper\"><\/div><\/div><\/div><div class=\"vc_col-sm-1\/5 wpb_column vc_column_container\"><div class=\"vc_column-inner\"><div class=\"wpb_wrapper\"><\/div><\/div><\/div><div class=\"vc_col-sm-1\/5 wpb_column vc_column_container\"><div class=\"vc_column-inner\"><div class=\"wpb_wrapper\"><div class=\"wpb_text_column\" ><div class=\"wpb_wrapper\"><p><script type='text\/javascript' src='\/\/www.opentable.com.mx\/widget\/reservation\/loader?rid=346852&#038;type=standard&#038;theme=tall&#038;color=3&#038;iframe=true&#038;domain=commx&#038;lang=es-MX&#038;newtab=true&#038;ot_source=Restaurant%20website'><\/script><\/p>\n<\/div><\/div><\/div><\/div><\/div><div class=\"vc_col-sm-1\/5 wpb_column vc_column_container\"><div class=\"vc_column-inner\"><div class=\"wpb_wrapper\"><\/div><\/div><\/div><div class=\"vc_col-sm-1\/5 wpb_column vc_column_container\"><div class=\"vc_column-inner\"><div class=\"wpb_wrapper\"><\/div><\/div><\/div><\/div><\/div><\/div><\/div><\/div><\/div><\/section>\n<\/div>","protected":false},"excerpt":{"rendered":"[vc_custom_heading text=\"\u00a1HAZ TU RESERVA EN ORYX RESTAURANTE!\" font_container=\"tag:h1|text_align:center\" use_theme_fonts=\"yes\" el_class=\"orx-title\"] \u00a1Reserva ahora en ORYX Restaurante! Disfruta de la experiencia Oryx Restaurante ideal para tu reuni\u00f3n, as\u00ed que acompa\u00f1a ese momento tan especial con nuestra experiencia culinaria y gran hospitalidad. Comparte nuestra fusi\u00f3n de cocina \u201cCaliBaja\u201d y reserva tu mesa f\u00e1cilmente, en tan s\u00f3lo unos minutos....","protected":false},"author":1,"featured_media":0,"parent":0,"menu_order":0,"comment_status":"closed","ping_status":"closed","template":"","meta":{"footnotes":""},"class_list":["post-80","page","type-page","status-publish","hentry"],"yoast_head":"<!-- This site is optimized with the Yoast SEO plugin v26.9 - https:\/\/yoast.com\/product\/yoast-seo-wordpress\/ -->\n<title>Reservas | Nos dedicamos a enamorar tu paladar.<\/title>\n<meta name=\"description\" content=\"Reservas | En Oryx compartimos contigo lo mejor de la gastronom\u00eda de la regi\u00f3n.\" \/>\n<meta name=\"robots\" content=\"index, follow, max-snippet:-1, max-image-preview:large, max-video-preview:-1\" \/>\n<link rel=\"canonical\" href=\"https:\/\/oryxrestaurante.com\/en\/reservations\/\" \/>\n<meta property=\"og:locale\" content=\"es_MX\" \/>\n<meta property=\"og:type\" content=\"article\" \/>\n<meta property=\"og:title\" content=\"Reservas | Nos dedicamos a enamorar tu paladar.\" \/>\n<meta property=\"og:description\" content=\"Reservas | En Oryx compartimos contigo lo mejor de la gastronom\u00eda de la regi\u00f3n.\" \/>\n<meta property=\"og:url\" content=\"https:\/\/oryxrestaurante.com\/en\/reservations\/\" \/>\n<meta property=\"og:site_name\" content=\"Oryx CaliBaja Cuisine\" \/>\n<meta property=\"article:publisher\" content=\"https:\/\/www.facebook.com\/oryxrestaurante\" \/>\n<meta property=\"article:modified_time\" content=\"2026-03-30T23:33:38+00:00\" \/>\n<meta property=\"og:image\" content=\"https:\/\/oryxrestaurante.com\/wp-content\/uploads\/media\/oryx-banner-min.jpg\" \/>\n\t<meta property=\"og:image:width\" content=\"1600\" \/>\n\t<meta property=\"og:image:height\" content=\"739\" \/>\n\t<meta property=\"og:image:type\" content=\"image\/jpeg\" \/>\n<meta name=\"twitter:label1\" content=\"Tiempo de lectura\" \/>\n\t<meta name=\"twitter:data1\" content=\"1 minuto\" \/>\n<script type=\"application\/ld+json\" class=\"yoast-schema-graph\">{\"@context\":\"https:\/\/schema.org\",\"@graph\":[{\"@type\":\"WebPage\",\"@id\":\"https:\/\/oryxrestaurante.com\/en\/reservations\/\",\"url\":\"https:\/\/oryxrestaurante.com\/en\/reservations\/\",\"name\":\"Reservas | Nos dedicamos a enamorar tu paladar.\",\"isPartOf\":{\"@id\":\"https:\/\/oryxrestaurante.com\/#website\"},\"datePublished\":\"2020-09-01T20:24:48+00:00\",\"dateModified\":\"2026-03-30T23:33:38+00:00\",\"description\":\"Reservas | En Oryx compartimos contigo lo mejor de la gastronom\u00eda de la regi\u00f3n.\",\"breadcrumb\":{\"@id\":\"https:\/\/oryxrestaurante.com\/en\/reservations\/#breadcrumb\"},\"inLanguage\":\"es\",\"potentialAction\":[{\"@type\":\"ReadAction\",\"target\":[\"https:\/\/oryxrestaurante.com\/en\/reservations\/\"]}]},{\"@type\":\"BreadcrumbList\",\"@id\":\"https:\/\/oryxrestaurante.com\/en\/reservations\/#breadcrumb\",\"itemListElement\":[{\"@type\":\"ListItem\",\"position\":1,\"name\":\"Inicio\",\"item\":\"https:\/\/oryxrestaurante.com\/es\/\"},{\"@type\":\"ListItem\",\"position\":2,\"name\":\"Reservas\"}]},{\"@type\":\"WebSite\",\"@id\":\"https:\/\/oryxrestaurante.com\/#website\",\"url\":\"https:\/\/oryxrestaurante.com\/\",\"name\":\"Oryx CaliBaja Cuisine\",\"description\":\"\",\"publisher\":{\"@id\":\"https:\/\/oryxrestaurante.com\/#organization\"},\"potentialAction\":[{\"@type\":\"SearchAction\",\"target\":{\"@type\":\"EntryPoint\",\"urlTemplate\":\"https:\/\/oryxrestaurante.com\/?s={search_term_string}\"},\"query-input\":{\"@type\":\"PropertyValueSpecification\",\"valueRequired\":true,\"valueName\":\"search_term_string\"}}],\"inLanguage\":\"es\"},{\"@type\":\"Organization\",\"@id\":\"https:\/\/oryxrestaurante.com\/#organization\",\"name\":\"Oryx Restaurante\",\"url\":\"https:\/\/oryxrestaurante.com\/\",\"logo\":{\"@type\":\"ImageObject\",\"inLanguage\":\"es\",\"@id\":\"https:\/\/oryxrestaurante.com\/#\/schema\/logo\/image\/\",\"url\":\"https:\/\/oryxrestaurante.com\/wp-content\/uploads\/media\/favicon-min.png\",\"contentUrl\":\"https:\/\/oryxrestaurante.com\/wp-content\/uploads\/media\/favicon-min.png\",\"width\":346,\"height\":345,\"caption\":\"Oryx Restaurante\"},\"image\":{\"@id\":\"https:\/\/oryxrestaurante.com\/#\/schema\/logo\/image\/\"},\"sameAs\":[\"https:\/\/www.facebook.com\/oryxrestaurante\",\"https:\/\/www.instagram.com\/oryxrestaurante\/\"]}]}<\/script>\n<!-- \/ Yoast SEO plugin. -->","yoast_head_json":{"title":"Reservas | Nos dedicamos a enamorar tu paladar.","description":"Reservas | En Oryx compartimos contigo lo mejor de la gastronom\u00eda de la regi\u00f3n.","robots":{"index":"index","follow":"follow","max-snippet":"max-snippet:-1","max-image-preview":"max-image-preview:large","max-video-preview":"max-video-preview:-1"},"canonical":"https:\/\/oryxrestaurante.com\/en\/reservations\/","og_locale":"es_MX","og_type":"article","og_title":"Reservas | Nos dedicamos a enamorar tu paladar.","og_description":"Reservas | En Oryx compartimos contigo lo mejor de la gastronom\u00eda de la regi\u00f3n.","og_url":"https:\/\/oryxrestaurante.com\/en\/reservations\/","og_site_name":"Oryx CaliBaja Cuisine","article_publisher":"https:\/\/www.facebook.com\/oryxrestaurante","article_modified_time":"2026-03-30T23:33:38+00:00","og_image":[{"width":1600,"height":739,"url":"https:\/\/oryxrestaurante.com\/wp-content\/uploads\/media\/oryx-banner-min.jpg","type":"image\/jpeg"}],"twitter_misc":{"Tiempo de lectura":"1 minuto"},"schema":{"@context":"https:\/\/schema.org","@graph":[{"@type":"WebPage","@id":"https:\/\/oryxrestaurante.com\/en\/reservations\/","url":"https:\/\/oryxrestaurante.com\/en\/reservations\/","name":"Reservas | Nos dedicamos a enamorar tu paladar.","isPartOf":{"@id":"https:\/\/oryxrestaurante.com\/#website"},"datePublished":"2020-09-01T20:24:48+00:00","dateModified":"2026-03-30T23:33:38+00:00","description":"Reservas | En Oryx compartimos contigo lo mejor de la gastronom\u00eda de la regi\u00f3n.","breadcrumb":{"@id":"https:\/\/oryxrestaurante.com\/en\/reservations\/#breadcrumb"},"inLanguage":"es","potentialAction":[{"@type":"ReadAction","target":["https:\/\/oryxrestaurante.com\/en\/reservations\/"]}]},{"@type":"BreadcrumbList","@id":"https:\/\/oryxrestaurante.com\/en\/reservations\/#breadcrumb","itemListElement":[{"@type":"ListItem","position":1,"name":"Inicio","item":"https:\/\/oryxrestaurante.com\/es\/"},{"@type":"ListItem","position":2,"name":"Reservas"}]},{"@type":"WebSite","@id":"https:\/\/oryxrestaurante.com\/#website","url":"https:\/\/oryxrestaurante.com\/","name":"Oryx CaliBaja Cuisine","description":"","publisher":{"@id":"https:\/\/oryxrestaurante.com\/#organization"},"potentialAction":[{"@type":"SearchAction","target":{"@type":"EntryPoint","urlTemplate":"https:\/\/oryxrestaurante.com\/?s={search_term_string}"},"query-input":{"@type":"PropertyValueSpecification","valueRequired":true,"valueName":"search_term_string"}}],"inLanguage":"es"},{"@type":"Organization","@id":"https:\/\/oryxrestaurante.com\/#organization","name":"Oryx Restaurante","url":"https:\/\/oryxrestaurante.com\/","logo":{"@type":"ImageObject","inLanguage":"es","@id":"https:\/\/oryxrestaurante.com\/#\/schema\/logo\/image\/","url":"https:\/\/oryxrestaurante.com\/wp-content\/uploads\/media\/favicon-min.png","contentUrl":"https:\/\/oryxrestaurante.com\/wp-content\/uploads\/media\/favicon-min.png","width":346,"height":345,"caption":"Oryx Restaurante"},"image":{"@id":"https:\/\/oryxrestaurante.com\/#\/schema\/logo\/image\/"},"sameAs":["https:\/\/www.facebook.com\/oryxrestaurante","https:\/\/www.instagram.com\/oryxrestaurante\/"]}]}},"_links":{"self":[{"href":"https:\/\/oryxrestaurante.com\/es\/wp-json\/wp\/v2\/pages\/80","targetHints":{"allow":["GET"]}}],"collection":[{"href":"https:\/\/oryxrestaurante.com\/es\/wp-json\/wp\/v2\/pages"}],"about":[{"href":"https:\/\/oryxrestaurante.com\/es\/wp-json\/wp\/v2\/types\/page"}],"author":[{"embeddable":true,"href":"https:\/\/oryxrestaurante.com\/es\/wp-json\/wp\/v2\/users\/1"}],"replies":[{"embeddable":true,"href":"https:\/\/oryxrestaurante.com\/es\/wp-json\/wp\/v2\/comments?post=80"}],"version-history":[{"count":0,"href":"https:\/\/oryxrestaurante.com\/es\/wp-json\/wp\/v2\/pages\/80\/revisions"}],"wp:attachment":[{"href":"https:\/\/oryxrestaurante.com\/es\/wp-json\/wp\/v2\/media?parent=80"}],"curies":[{"name":"wp","href":"https:\/\/api.w.org\/{rel}","templated":true}]}}