{"id":84,"date":"2020-09-01T20:25:16","date_gmt":"2020-09-01T20:25:16","guid":{"rendered":"https:\/\/oryxrestaurante.com\/?page_id=84"},"modified":"2024-02-01T02:07:34","modified_gmt":"2024-02-01T02:07:34","slug":"contact-us","status":"publish","type":"page","link":"https:\/\/oryxrestaurante.com\/es\/contact-us\/","title":{"rendered":"Contacto"},"content":{"rendered":"<div class=\"wpb-content-wrapper\"><section class=\"l-section wpb_row height_auto width_full\" id=\"contact\"><div class=\"l-section-h i-cf\"><div class=\"g-cols vc_row type_boxes valign_top reversed\"><div class=\"vc_col-sm-6 wpb_column vc_column_container has-fill orx-img-side\"><div class=\"vc_column-inner us_custom_254a0cb8 type_sticky\"><div class=\"wpb_wrapper\"><div class=\"w-separator size_medium orx-img\"><\/div><\/div><\/div><\/div><div class=\"vc_col-sm-6 wpb_column vc_column_container orx-txt-side\"><div class=\"vc_column-inner us_custom_222749b4\"><div class=\"wpb_wrapper\">[vc_custom_heading text=&#8221;CONT\u00c1CTANOS&#8221; font_container=&#8221;tag:h1|text_align:left&#8221; use_theme_fonts=&#8221;yes&#8221; el_class=&#8221;orx-title&#8221;]<div class=\"w-separator size_medium\"><\/div><div class=\"wpb_text_column orx-text\" ><div class=\"wpb_wrapper\"><p>\u00a1Completa el siguiente formulario y ponte en contacto con nosotros! Tambi\u00e9n puedes llamarnos al <strong><a href=\"tel:6647547562\u00a0\">+52 664 754 7562\u00a0<\/a><\/strong> o enviarnos un correo electr\u00f3nico a <strong><a href=\"mailto:info@oryx.com\">reservaciones@oryxcapital.mx<\/a><\/strong>.<\/p>\n<p>Direcci\u00f3n: <a href=\"https:\/\/g.page\/OryxRestaurante?share\" target=\"_blank\" rel=\"noopener noreferrer\">Blvd. Agua Caliente 10750, Interior 84, Calete 22020, Tijuana, B.C. M\u00e9xico\u00a0<\/a><\/p>\n<\/div><\/div><div class=\"w-separator size_medium\"><\/div>\n<div class=\"wpcf7 no-js\" id=\"wpcf7-f339-o1\" lang=\"es-ES\" dir=\"ltr\" data-wpcf7-id=\"339\">\n<div class=\"screen-reader-response\"><p role=\"status\" aria-live=\"polite\" aria-atomic=\"true\"><\/p> <ul><\/ul><\/div>\n<form action=\"\/es\/wp-json\/wp\/v2\/pages\/84#wpcf7-f339-o1\" method=\"post\" class=\"wpcf7-form init\" aria-label=\"Formulario de contacto\" novalidate=\"novalidate\" data-status=\"init\">\n<div style=\"display: none;\">\n<input type=\"hidden\" name=\"_wpcf7\" value=\"339\" \/>\n<input type=\"hidden\" name=\"_wpcf7_version\" value=\"6.0.6\" \/>\n<input type=\"hidden\" name=\"_wpcf7_locale\" value=\"es_ES\" \/>\n<input type=\"hidden\" name=\"_wpcf7_unit_tag\" value=\"wpcf7-f339-o1\" \/>\n<input type=\"hidden\" name=\"_wpcf7_container_post\" value=\"0\" \/>\n<input type=\"hidden\" name=\"_wpcf7_posted_data_hash\" value=\"\" \/>\n<\/div>\n<p><label><span class=\"wpcf7-form-control-wrap\" data-name=\"client-name\"><input size=\"40\" maxlength=\"400\" class=\"wpcf7-form-control wpcf7-text wpcf7-validates-as-required\" aria-required=\"true\" aria-invalid=\"false\" placeholder=\"Nombre*\" value=\"\" type=\"text\" name=\"client-name\" \/><\/span> <\/label>\n<\/p>\n<p><label><span class=\"wpcf7-form-control-wrap\" data-name=\"client-email\"><input size=\"40\" maxlength=\"400\" class=\"wpcf7-form-control wpcf7-email wpcf7-validates-as-required wpcf7-text wpcf7-validates-as-email\" aria-required=\"true\" aria-invalid=\"false\" placeholder=\"Correo Electr\u00f3nico*\" value=\"\" type=\"email\" name=\"client-email\" \/><\/span> <\/label>\n<\/p>\n<p><label> <span class=\"wpcf7-form-control-wrap\" data-name=\"client-phone\"><input size=\"40\" maxlength=\"400\" class=\"wpcf7-form-control wpcf7-tel wpcf7-validates-as-required wpcf7-text wpcf7-validates-as-tel\" aria-required=\"true\" aria-invalid=\"false\" placeholder=\"Tel\u00e9fono*\" value=\"\" type=\"tel\" name=\"client-phone\" \/><\/span> <\/label>\n<\/p>\n<p><label> <span class=\"wpcf7-form-control-wrap\" data-name=\"client-message\"><textarea cols=\"40\" rows=\"10\" maxlength=\"2000\" class=\"wpcf7-form-control wpcf7-textarea wpcf7-validates-as-required\" aria-required=\"true\" aria-invalid=\"false\" placeholder=\"Mensaje*\" name=\"client-message\"><\/textarea><\/span> <\/label>\n<\/p>\n<p><span class=\"wpcf7-form-control-wrap\" data-name=\"client-acceptance\"><span class=\"wpcf7-form-control wpcf7-acceptance\"><span class=\"wpcf7-list-item\"><label><input type=\"checkbox\" name=\"client-acceptance\" value=\"1\" class=\"check-privacy\" aria-invalid=\"false\" \/><span class=\"wpcf7-list-item-label\">He le\u00eddo y acepto la <a href=\"\/es\/privacy-policy\/\" style=\"color: #000;\"><strong>Pol\u00edtica de privacidad<\/strong><\/a>.<\/span><\/label><\/span><\/span><\/span>\n<\/p>\n<p><input class=\"wpcf7-form-control wpcf7-submit has-spinner btn-submit\" type=\"submit\" value=\"Enviar\" \/>\n<\/p><div class=\"wpcf7-response-output\" aria-hidden=\"true\"><\/div>\n<\/form>\n<\/div>\n<\/div><\/div><\/div><\/div><\/div><\/section>\n<\/div>","protected":false},"excerpt":{"rendered":"[vc_custom_heading text=\"CONT\u00c1CTANOS\" font_container=\"tag:h1|text_align:left\" use_theme_fonts=\"yes\" el_class=\"orx-title\"]\u00a1Completa el siguiente formulario y ponte en contacto con nosotros! Tambi\u00e9n puedes llamarnos al +52 664 754 7562\u00a0 o enviarnos un correo electr\u00f3nico a reservaciones@oryxcapital.mx. Direcci\u00f3n: Blvd. Agua Caliente 10750, Interior 84, Calete 22020, Tijuana, B.C. M\u00e9xico\u00a0 He le\u00eddo y acepto la Pol\u00edtica de privacidad.","protected":false},"author":1,"featured_media":0,"parent":0,"menu_order":0,"comment_status":"closed","ping_status":"closed","template":"","meta":{"footnotes":""},"class_list":["post-84","page","type-page","status-publish","hentry"],"yoast_head":"<!-- This site is optimized with the Yoast SEO plugin v26.9 - https:\/\/yoast.com\/product\/yoast-seo-wordpress\/ -->\n<title>Contacto | Nos dedicamos a enamorar tu paladar.<\/title>\n<meta name=\"description\" content=\"Contacto | En Oryx compartimos contigo lo mejor de la gastronom\u00eda de la regi\u00f3n.\" \/>\n<meta name=\"robots\" content=\"index, follow, max-snippet:-1, max-image-preview:large, max-video-preview:-1\" \/>\n<link rel=\"canonical\" href=\"https:\/\/oryxrestaurante.com\/contact-us\/\" \/>\n<meta property=\"og:locale\" content=\"es_MX\" \/>\n<meta property=\"og:type\" content=\"article\" \/>\n<meta property=\"og:title\" content=\"Contacto | Nos dedicamos a enamorar tu paladar.\" \/>\n<meta property=\"og:description\" content=\"Contacto | En Oryx compartimos contigo lo mejor de la gastronom\u00eda de la regi\u00f3n.\" \/>\n<meta property=\"og:url\" content=\"https:\/\/oryxrestaurante.com\/contact-us\/\" \/>\n<meta property=\"og:site_name\" content=\"Oryx CaliBaja Cuisine\" \/>\n<meta property=\"article:publisher\" content=\"https:\/\/www.facebook.com\/oryxrestaurante\" \/>\n<meta property=\"article:modified_time\" content=\"2024-02-01T02:07:34+00:00\" \/>\n<meta property=\"og:image\" content=\"https:\/\/oryxrestaurante.com\/wp-content\/uploads\/media\/oryx-banner-min.jpg\" \/>\n\t<meta property=\"og:image:width\" content=\"1600\" \/>\n\t<meta property=\"og:image:height\" content=\"739\" \/>\n\t<meta property=\"og:image:type\" content=\"image\/jpeg\" \/>\n<meta name=\"twitter:label1\" content=\"Tiempo de lectura\" \/>\n\t<meta name=\"twitter:data1\" content=\"1 minuto\" \/>\n<script type=\"application\/ld+json\" class=\"yoast-schema-graph\">{\"@context\":\"https:\/\/schema.org\",\"@graph\":[{\"@type\":\"WebPage\",\"@id\":\"https:\/\/oryxrestaurante.com\/contact-us\/\",\"url\":\"https:\/\/oryxrestaurante.com\/contact-us\/\",\"name\":\"Contacto | Nos dedicamos a enamorar tu paladar.\",\"isPartOf\":{\"@id\":\"https:\/\/oryxrestaurante.com\/#website\"},\"datePublished\":\"2020-09-01T20:25:16+00:00\",\"dateModified\":\"2024-02-01T02:07:34+00:00\",\"description\":\"Contacto | En Oryx compartimos contigo lo mejor de la gastronom\u00eda de la regi\u00f3n.\",\"breadcrumb\":{\"@id\":\"https:\/\/oryxrestaurante.com\/contact-us\/#breadcrumb\"},\"inLanguage\":\"es\",\"potentialAction\":[{\"@type\":\"ReadAction\",\"target\":[\"https:\/\/oryxrestaurante.com\/contact-us\/\"]}]},{\"@type\":\"BreadcrumbList\",\"@id\":\"https:\/\/oryxrestaurante.com\/contact-us\/#breadcrumb\",\"itemListElement\":[{\"@type\":\"ListItem\",\"position\":1,\"name\":\"Inicio\",\"item\":\"https:\/\/oryxrestaurante.com\/es\/\"},{\"@type\":\"ListItem\",\"position\":2,\"name\":\"Contacto\"}]},{\"@type\":\"WebSite\",\"@id\":\"https:\/\/oryxrestaurante.com\/#website\",\"url\":\"https:\/\/oryxrestaurante.com\/\",\"name\":\"Oryx CaliBaja Cuisine\",\"description\":\"\",\"publisher\":{\"@id\":\"https:\/\/oryxrestaurante.com\/#organization\"},\"potentialAction\":[{\"@type\":\"SearchAction\",\"target\":{\"@type\":\"EntryPoint\",\"urlTemplate\":\"https:\/\/oryxrestaurante.com\/?s={search_term_string}\"},\"query-input\":{\"@type\":\"PropertyValueSpecification\",\"valueRequired\":true,\"valueName\":\"search_term_string\"}}],\"inLanguage\":\"es\"},{\"@type\":\"Organization\",\"@id\":\"https:\/\/oryxrestaurante.com\/#organization\",\"name\":\"Oryx Restaurante\",\"url\":\"https:\/\/oryxrestaurante.com\/\",\"logo\":{\"@type\":\"ImageObject\",\"inLanguage\":\"es\",\"@id\":\"https:\/\/oryxrestaurante.com\/#\/schema\/logo\/image\/\",\"url\":\"https:\/\/oryxrestaurante.com\/wp-content\/uploads\/media\/favicon-min.png\",\"contentUrl\":\"https:\/\/oryxrestaurante.com\/wp-content\/uploads\/media\/favicon-min.png\",\"width\":346,\"height\":345,\"caption\":\"Oryx Restaurante\"},\"image\":{\"@id\":\"https:\/\/oryxrestaurante.com\/#\/schema\/logo\/image\/\"},\"sameAs\":[\"https:\/\/www.facebook.com\/oryxrestaurante\",\"https:\/\/www.instagram.com\/oryxrestaurante\/\"]}]}<\/script>\n<!-- \/ Yoast SEO plugin. -->","yoast_head_json":{"title":"Contacto | Nos dedicamos a enamorar tu paladar.","description":"Contacto | En Oryx compartimos contigo lo mejor de la gastronom\u00eda de la regi\u00f3n.","robots":{"index":"index","follow":"follow","max-snippet":"max-snippet:-1","max-image-preview":"max-image-preview:large","max-video-preview":"max-video-preview:-1"},"canonical":"https:\/\/oryxrestaurante.com\/contact-us\/","og_locale":"es_MX","og_type":"article","og_title":"Contacto | Nos dedicamos a enamorar tu paladar.","og_description":"Contacto | En Oryx compartimos contigo lo mejor de la gastronom\u00eda de la regi\u00f3n.","og_url":"https:\/\/oryxrestaurante.com\/contact-us\/","og_site_name":"Oryx CaliBaja Cuisine","article_publisher":"https:\/\/www.facebook.com\/oryxrestaurante","article_modified_time":"2024-02-01T02:07:34+00:00","og_image":[{"width":1600,"height":739,"url":"https:\/\/oryxrestaurante.com\/wp-content\/uploads\/media\/oryx-banner-min.jpg","type":"image\/jpeg"}],"twitter_misc":{"Tiempo de lectura":"1 minuto"},"schema":{"@context":"https:\/\/schema.org","@graph":[{"@type":"WebPage","@id":"https:\/\/oryxrestaurante.com\/contact-us\/","url":"https:\/\/oryxrestaurante.com\/contact-us\/","name":"Contacto | Nos dedicamos a enamorar tu paladar.","isPartOf":{"@id":"https:\/\/oryxrestaurante.com\/#website"},"datePublished":"2020-09-01T20:25:16+00:00","dateModified":"2024-02-01T02:07:34+00:00","description":"Contacto | En Oryx compartimos contigo lo mejor de la gastronom\u00eda de la regi\u00f3n.","breadcrumb":{"@id":"https:\/\/oryxrestaurante.com\/contact-us\/#breadcrumb"},"inLanguage":"es","potentialAction":[{"@type":"ReadAction","target":["https:\/\/oryxrestaurante.com\/contact-us\/"]}]},{"@type":"BreadcrumbList","@id":"https:\/\/oryxrestaurante.com\/contact-us\/#breadcrumb","itemListElement":[{"@type":"ListItem","position":1,"name":"Inicio","item":"https:\/\/oryxrestaurante.com\/es\/"},{"@type":"ListItem","position":2,"name":"Contacto"}]},{"@type":"WebSite","@id":"https:\/\/oryxrestaurante.com\/#website","url":"https:\/\/oryxrestaurante.com\/","name":"Oryx CaliBaja Cuisine","description":"","publisher":{"@id":"https:\/\/oryxrestaurante.com\/#organization"},"potentialAction":[{"@type":"SearchAction","target":{"@type":"EntryPoint","urlTemplate":"https:\/\/oryxrestaurante.com\/?s={search_term_string}"},"query-input":{"@type":"PropertyValueSpecification","valueRequired":true,"valueName":"search_term_string"}}],"inLanguage":"es"},{"@type":"Organization","@id":"https:\/\/oryxrestaurante.com\/#organization","name":"Oryx Restaurante","url":"https:\/\/oryxrestaurante.com\/","logo":{"@type":"ImageObject","inLanguage":"es","@id":"https:\/\/oryxrestaurante.com\/#\/schema\/logo\/image\/","url":"https:\/\/oryxrestaurante.com\/wp-content\/uploads\/media\/favicon-min.png","contentUrl":"https:\/\/oryxrestaurante.com\/wp-content\/uploads\/media\/favicon-min.png","width":346,"height":345,"caption":"Oryx Restaurante"},"image":{"@id":"https:\/\/oryxrestaurante.com\/#\/schema\/logo\/image\/"},"sameAs":["https:\/\/www.facebook.com\/oryxrestaurante","https:\/\/www.instagram.com\/oryxrestaurante\/"]}]}},"_links":{"self":[{"href":"https:\/\/oryxrestaurante.com\/es\/wp-json\/wp\/v2\/pages\/84","targetHints":{"allow":["GET"]}}],"collection":[{"href":"https:\/\/oryxrestaurante.com\/es\/wp-json\/wp\/v2\/pages"}],"about":[{"href":"https:\/\/oryxrestaurante.com\/es\/wp-json\/wp\/v2\/types\/page"}],"author":[{"embeddable":true,"href":"https:\/\/oryxrestaurante.com\/es\/wp-json\/wp\/v2\/users\/1"}],"replies":[{"embeddable":true,"href":"https:\/\/oryxrestaurante.com\/es\/wp-json\/wp\/v2\/comments?post=84"}],"version-history":[{"count":0,"href":"https:\/\/oryxrestaurante.com\/es\/wp-json\/wp\/v2\/pages\/84\/revisions"}],"wp:attachment":[{"href":"https:\/\/oryxrestaurante.com\/es\/wp-json\/wp\/v2\/media?parent=84"}],"curies":[{"name":"wp","href":"https:\/\/api.w.org\/{rel}","templated":true}]}}